{"id":34,"date":"2022-02-21T06:57:03","date_gmt":"2022-02-21T06:57:03","guid":{"rendered":"https:\/\/www.ktb-europe.com\/?page_id=34"},"modified":"2026-03-19T10:15:29","modified_gmt":"2026-03-19T10:15:29","slug":"%e5%8d%b0%e8%ae%b0","status":"publish","type":"page","link":"https:\/\/www.ktb-europe.com\/cn\/imprint\/","title":{"rendered":"\u7248\u672c\u8bf4\u660e"},"content":{"rendered":"<div data-elementor-type=\"wp-page\" data-elementor-id=\"34\" class=\"elementor elementor-34\" data-elementor-post-type=\"page\">\n\t\t\t\t\t\t<section class=\"elementor-section elementor-top-section elementor-element elementor-element-705dddb elementor-section-full_width elementor-section-height-min-height elementor-section-height-default elementor-section-items-middle\" data-id=\"705dddb\" data-element_type=\"section\" data-e-type=\"section\">\n\t\t\t\t\t\t\t<div class=\"elementor-background-overlay\"><\/div>\n\t\t\t\t\t\t\t<div class=\"elementor-container elementor-column-gap-default\">\n\t\t\t\t\t<div class=\"elementor-column elementor-col-100 elementor-top-column elementor-element elementor-element-51d489c\" data-id=\"51d489c\" data-element_type=\"column\" data-e-type=\"column\">\n\t\t\t<div class=\"elementor-widget-wrap elementor-element-populated\">\n\t\t\t\t\t\t<div class=\"elementor-element elementor-element-f4cec1a elementor-widget elementor-widget-heading\" data-id=\"f4cec1a\" data-element_type=\"widget\" data-e-type=\"widget\" data-widget_type=\"heading.default\">\n\t\t\t\t<div class=\"elementor-widget-container\">\n\t\t\t\t\t<h2 class=\"elementor-heading-title elementor-size-default\">\u7248\u672c\u8bf4\u660e <\/h2>\t\t\t\t<\/div>\n\t\t\t\t<\/div>\n\t\t\t\t<div class=\"elementor-element elementor-element-71276da elementor-widget__width-initial elementor-widget elementor-widget-heading\" data-id=\"71276da\" data-element_type=\"widget\" data-e-type=\"widget\" data-widget_type=\"heading.default\">\n\t\t\t\t<div class=\"elementor-widget-container\">\n\t\t\t\t\t<p class=\"elementor-heading-title elementor-size-default\">\u6839\u636e RStV \u7b2c 55 Abs. 2 \u8282\u4ee5\u53ca DDG \u7b2c 5 \u8282\uff0c\u5bf9\u5185\u5bb9\u8d1f\u8d23\u3002<\/p>\t\t\t\t<\/div>\n\t\t\t\t<\/div>\n\t\t\t\t\t<\/div>\n\t\t<\/div>\n\t\t\t\t\t<\/div>\n\t\t<\/section>\n\t\t\t\t<section class=\"elementor-section elementor-top-section elementor-element elementor-element-8a5aa14 elementor-section-full_width elementor-section-height-default elementor-section-height-default\" data-id=\"8a5aa14\" data-element_type=\"section\" data-e-type=\"section\">\n\t\t\t\t\t\t<div class=\"elementor-container elementor-column-gap-default\">\n\t\t\t\t\t<div class=\"elementor-column elementor-col-50 elementor-top-column elementor-element elementor-element-8c2928b\" data-id=\"8c2928b\" data-element_type=\"column\" data-e-type=\"column\">\n\t\t\t<div class=\"elementor-widget-wrap elementor-element-populated\">\n\t\t\t\t\t\t<div class=\"elementor-element elementor-element-ad7e2f5 elementor-widget elementor-widget-heading\" data-id=\"ad7e2f5\" data-element_type=\"widget\" data-e-type=\"widget\" data-widget_type=\"heading.default\">\n\t\t\t\t<div class=\"elementor-widget-container\">\n\t\t\t\t\t<h3 class=\"elementor-heading-title elementor-size-default\"><span style=\"font-family: Roboto;font-size: 16.8px;white-space: normal\">KTB \u8fdb\u51fa\u53e3\u516c\u53f8<\/span><br style=\"font-family: Roboto;font-size: 16.8px;white-space: normal\"><span style=\"font-family: Roboto;font-size: 16.8px;white-space: normal\">\u8d38\u6613\u516c\u53f8\u6709\u9650\u516c\u53f8 &amp; Co.\u5e7c\u513f\u56ed<\/span><\/h3>\t\t\t\t<\/div>\n\t\t\t\t<\/div>\n\t\t\t\t<section class=\"elementor-section elementor-inner-section elementor-element elementor-element-584e46f elementor-section-boxed elementor-section-height-default elementor-section-height-default\" data-id=\"584e46f\" data-element_type=\"section\" data-e-type=\"section\">\n\t\t\t\t\t\t<div class=\"elementor-container elementor-column-gap-default\">\n\t\t\t\t\t<div class=\"elementor-column elementor-col-50 elementor-inner-column elementor-element elementor-element-5bb4e55\" data-id=\"5bb4e55\" data-element_type=\"column\" data-e-type=\"column\">\n\t\t\t<div class=\"elementor-widget-wrap elementor-element-populated\">\n\t\t\t\t\t\t<div class=\"elementor-element elementor-element-16b9882 elementor-widget elementor-widget-heading\" data-id=\"16b9882\" data-element_type=\"widget\" data-e-type=\"widget\" data-widget_type=\"heading.default\">\n\t\t\t\t<div class=\"elementor-widget-container\">\n\t\t\t\t\t<p class=\"elementor-heading-title elementor-size-default\">Gro\u00dfmoorring 9<br>\n21079 \u6c49\u5821<br>\n\u5fb7\u56fd<\/p>\t\t\t\t<\/div>\n\t\t\t\t<\/div>\n\t\t\t\t<div class=\"elementor-element elementor-element-4838bfe elementor-widget elementor-widget-heading\" data-id=\"4838bfe\" data-element_type=\"widget\" data-e-type=\"widget\" data-widget_type=\"heading.default\">\n\t\t\t\t<div class=\"elementor-widget-container\">\n\t\t\t\t\t<h2 class=\"elementor-heading-title elementor-size-default\">\u7535\u8bdd\u3002 <\/h2>\t\t\t\t<\/div>\n\t\t\t\t<\/div>\n\t\t\t\t<div class=\"elementor-element elementor-element-6f25d51 elementor-widget elementor-widget-heading\" data-id=\"6f25d51\" data-element_type=\"widget\" data-e-type=\"widget\" data-widget_type=\"heading.default\">\n\t\t\t\t<div class=\"elementor-widget-container\">\n\t\t\t\t\t<h2 class=\"elementor-heading-title elementor-size-default\">+49 40 766189 0<\/h2>\t\t\t\t<\/div>\n\t\t\t\t<\/div>\n\t\t\t\t<div class=\"elementor-element elementor-element-2b9da81 elementor-widget elementor-widget-heading\" data-id=\"2b9da81\" data-element_type=\"widget\" data-e-type=\"widget\" data-widget_type=\"heading.default\">\n\t\t\t\t<div class=\"elementor-widget-container\">\n\t\t\t\t\t<h2 class=\"elementor-heading-title elementor-size-default\">\u4f20\u771f\u3002<\/h2>\t\t\t\t<\/div>\n\t\t\t\t<\/div>\n\t\t\t\t<div class=\"elementor-element elementor-element-77b8ee6 elementor-widget elementor-widget-heading\" data-id=\"77b8ee6\" data-element_type=\"widget\" data-e-type=\"widget\" data-widget_type=\"heading.default\">\n\t\t\t\t<div class=\"elementor-widget-container\">\n\t\t\t\t\t<h2 class=\"elementor-heading-title elementor-size-default\">+49 40 766189 25<\/h2>\t\t\t\t<\/div>\n\t\t\t\t<\/div>\n\t\t\t\t<div class=\"elementor-element elementor-element-ac9189e elementor-widget elementor-widget-heading\" data-id=\"ac9189e\" data-element_type=\"widget\" data-e-type=\"widget\" data-widget_type=\"heading.default\">\n\t\t\t\t<div class=\"elementor-widget-container\">\n\t\t\t\t\t<h2 class=\"elementor-heading-title elementor-size-default\">\u7535\u5b50\u90ae\u4ef6\u3002<\/h2>\t\t\t\t<\/div>\n\t\t\t\t<\/div>\n\t\t\t\t<div class=\"elementor-element elementor-element-12fea59 elementor-widget__width-auto elementor-widget elementor-widget-button\" data-id=\"12fea59\" data-element_type=\"widget\" data-e-type=\"widget\" data-widget_type=\"button.default\">\n\t\t\t\t<div class=\"elementor-widget-container\">\n\t\t\t\t\t\t\t\t\t<div class=\"elementor-button-wrapper\">\n\t\t\t\t\t<a class=\"elementor-button elementor-button-link elementor-size-sm\" href=\"mailto:ktb@ktb-europe.com\">\n\t\t\t\t\t\t<span class=\"elementor-button-content-wrapper\">\n\t\t\t\t\t\t\t\t\t<span class=\"elementor-button-text\">ktb@ktb-europe.com<\/span>\n\t\t\t\t\t<\/span>\n\t\t\t\t\t<\/a>\n\t\t\t\t<\/div>\n\t\t\t\t\t\t\t\t<\/div>\n\t\t\t\t<\/div>\n\t\t\t\t<div class=\"elementor-element elementor-element-628db9b elementor-widget elementor-widget-heading\" data-id=\"628db9b\" data-element_type=\"widget\" data-e-type=\"widget\" data-widget_type=\"heading.default\">\n\t\t\t\t<div class=\"elementor-widget-container\">\n\t\t\t\t\t<h2 class=\"elementor-heading-title elementor-size-default\">\u7f51\u7edc\u3002<\/h2>\t\t\t\t<\/div>\n\t\t\t\t<\/div>\n\t\t\t\t<div class=\"elementor-element elementor-element-2c8774b elementor-widget__width-auto elementor-widget elementor-widget-button\" data-id=\"2c8774b\" data-element_type=\"widget\" data-e-type=\"widget\" data-widget_type=\"button.default\">\n\t\t\t\t<div class=\"elementor-widget-container\">\n\t\t\t\t\t\t\t\t\t<div class=\"elementor-button-wrapper\">\n\t\t\t\t\t<a class=\"elementor-button elementor-button-link elementor-size-sm\" href=\"http:\/\/www.ktb-europe.com\/cn\/\">\n\t\t\t\t\t\t<span class=\"elementor-button-content-wrapper\">\n\t\t\t\t\t\t\t\t\t<span class=\"elementor-button-text\">www.ktb-europe.com<\/span>\n\t\t\t\t\t<\/span>\n\t\t\t\t\t<\/a>\n\t\t\t\t<\/div>\n\t\t\t\t\t\t\t\t<\/div>\n\t\t\t\t<\/div>\n\t\t\t\t\t<\/div>\n\t\t<\/div>\n\t\t\t\t<div class=\"elementor-column elementor-col-50 elementor-inner-column elementor-element elementor-element-e8ce5d4\" data-id=\"e8ce5d4\" data-element_type=\"column\" data-e-type=\"column\">\n\t\t\t<div class=\"elementor-widget-wrap elementor-element-populated\">\n\t\t\t\t\t\t<div class=\"elementor-element elementor-element-43be5d0 elementor-widget elementor-widget-heading\" data-id=\"43be5d0\" data-element_type=\"widget\" data-e-type=\"widget\" data-widget_type=\"heading.default\">\n\t\t\t\t<div class=\"elementor-widget-container\">\n\t\t\t\t\t<h2 class=\"elementor-heading-title elementor-size-default\">\u5e38\u52a1\u8463\u4e8b\u3002<\/h2>\t\t\t\t<\/div>\n\t\t\t\t<\/div>\n\t\t\t\t<div class=\"elementor-element elementor-element-09ef054 elementor-widget elementor-widget-heading\" data-id=\"09ef054\" data-element_type=\"widget\" data-e-type=\"widget\" data-widget_type=\"heading.default\">\n\t\t\t\t<div class=\"elementor-widget-container\">\n\t\t\t\t\t<h2 class=\"elementor-heading-title elementor-size-default\">Lars Kitzinger, Ruven Lehky<\/h2>\t\t\t\t<\/div>\n\t\t\t\t<\/div>\n\t\t\t\t<div class=\"elementor-element elementor-element-89f5438 elementor-widget elementor-widget-heading\" data-id=\"89f5438\" data-element_type=\"widget\" data-e-type=\"widget\" data-widget_type=\"heading.default\">\n\t\t\t\t<div class=\"elementor-widget-container\">\n\t\t\t\t\t<h2 class=\"elementor-heading-title elementor-size-default\">\u5bf9\u5185\u5bb9\u8d1f\u8d23<\/h2>\t\t\t\t<\/div>\n\t\t\t\t<\/div>\n\t\t\t\t<div class=\"elementor-element elementor-element-4b6990a elementor-widget elementor-widget-heading\" data-id=\"4b6990a\" data-element_type=\"widget\" data-e-type=\"widget\" data-widget_type=\"heading.default\">\n\t\t\t\t<div class=\"elementor-widget-container\">\n\t\t\t\t\t<h2 class=\"elementor-heading-title elementor-size-default\">Lars Kitzinger<\/h2>\t\t\t\t<\/div>\n\t\t\t\t<\/div>\n\t\t\t\t<div class=\"elementor-element elementor-element-8554e54 elementor-widget elementor-widget-heading\" data-id=\"8554e54\" data-element_type=\"widget\" data-e-type=\"widget\" data-widget_type=\"heading.default\">\n\t\t\t\t<div class=\"elementor-widget-container\">\n\t\t\t\t\t<h2 class=\"elementor-heading-title elementor-size-default\">\u589e\u503c\u7a0e\uff08VAT\uff09ID\u3002<\/h2>\t\t\t\t<\/div>\n\t\t\t\t<\/div>\n\t\t\t\t<div class=\"elementor-element elementor-element-923c881 elementor-widget elementor-widget-heading\" data-id=\"923c881\" data-element_type=\"widget\" data-e-type=\"widget\" data-widget_type=\"heading.default\">\n\t\t\t\t<div class=\"elementor-widget-container\">\n\t\t\t\t\t<h2 class=\"elementor-heading-title elementor-size-default\">DE 118859311<\/h2>\t\t\t\t<\/div>\n\t\t\t\t<\/div>\n\t\t\t\t<div class=\"elementor-element elementor-element-95cfff0 elementor-widget elementor-widget-heading\" data-id=\"95cfff0\" data-element_type=\"widget\" data-e-type=\"widget\" data-widget_type=\"heading.default\">\n\t\t\t\t<div class=\"elementor-widget-container\">\n\t\t\t\t\t<h2 class=\"elementor-heading-title elementor-size-default\">\u516c\u53f8\u7684\u7c7b\u578b\u3002<\/h2>\t\t\t\t<\/div>\n\t\t\t\t<\/div>\n\t\t\t\t<div class=\"elementor-element elementor-element-1db44c3 elementor-widget elementor-widget-heading\" data-id=\"1db44c3\" data-element_type=\"widget\" data-e-type=\"widget\" data-widget_type=\"heading.default\">\n\t\t\t\t<div class=\"elementor-widget-container\">\n\t\t\t\t\t<p class=\"elementor-heading-title elementor-size-default\">\u6709\u9650\u5408\u4f19\u516c\u53f8\uff0c\u6ce8\u518c\u529e\u4e8b\u5904\u5728\u6c49\u5821<br>\n\u6c49\u5821\u5730\u65b9\u6cd5\u9662 HRA 74400<br><br>\n<\/p>\t\t\t\t<\/div>\n\t\t\t\t<\/div>\n\t\t\t\t<div class=\"elementor-element elementor-element-8e98e59 elementor-widget elementor-widget-heading\" data-id=\"8e98e59\" data-element_type=\"widget\" data-e-type=\"widget\" data-widget_type=\"heading.default\">\n\t\t\t\t<div class=\"elementor-widget-container\">\n\t\t\t\t\t<h2 class=\"elementor-heading-title elementor-size-default\">\u8d1f\u6709\u4e2a\u4eba\u8d23\u4efb\u7684\u5408\u4f19\u4eba\u3002<\/h2>\t\t\t\t<\/div>\n\t\t\t\t<\/div>\n\t\t\t\t<div class=\"elementor-element elementor-element-865aacc elementor-widget elementor-widget-heading\" data-id=\"865aacc\" data-element_type=\"widget\" data-e-type=\"widget\" data-widget_type=\"heading.default\">\n\t\t\t\t<div class=\"elementor-widget-container\">\n\t\t\t\t\t<p class=\"elementor-heading-title elementor-size-default\">\u6295\u8d44\u516c\u53f8\nKTB \u8fdb\u51fa\u53e3\u516c\u53f8<br>\n\u6ce8\u518c\u529e\u4e8b\u5904\u6c49\u5821\uff0c\u6c49\u5821\u5730\u65b9\u6cd5\u9662HRB 18348<br>\n\u7ba1\u8f96\u8303\u56f4 \u6c49\u5821<\/p>\t\t\t\t<\/div>\n\t\t\t\t<\/div>\n\t\t\t\t<div class=\"elementor-element elementor-element-3f752f6 elementor-widget elementor-widget-heading\" data-id=\"3f752f6\" data-element_type=\"widget\" data-e-type=\"widget\" data-widget_type=\"heading.default\">\n\t\t\t\t<div class=\"elementor-widget-container\">\n\t\t\t\t\t<h2 class=\"elementor-heading-title elementor-size-default\">Cube Media | IT\u3001\u7f51\u9875\u8bbe\u8ba1\u3001\u8f6f\u4ef6\u5f00\u53d1\u548c\u641c\u7d22\u5f15\u64ce\u4f18\u5316 (SEO) \u6570\u5b57\u4ee3\u7406\u516c\u53f8\uff1a<\/h2>\t\t\t\t<\/div>\n\t\t\t\t<\/div>\n\t\t\t\t<div class=\"elementor-element elementor-element-1f514cd elementor-widget elementor-widget-heading\" data-id=\"1f514cd\" data-element_type=\"widget\" data-e-type=\"widget\" data-widget_type=\"heading.default\">\n\t\t\t\t<div class=\"elementor-widget-container\">\n\t\t\t\t\t<h3 class=\"elementor-heading-title elementor-size-default\"><a href=\"https:\/\/www.cubemedia.de\" target=\"_blank\">www.cubemedia.de<\/a><\/h3>\t\t\t\t<\/div>\n\t\t\t\t<\/div>\n\t\t\t\t\t<\/div>\n\t\t<\/div>\n\t\t\t\t\t<\/div>\n\t\t<\/section>\n\t\t\t\t\t<\/div>\n\t\t<\/div>\n\t\t\t\t<div class=\"elementor-column elementor-col-50 elementor-top-column elementor-element elementor-element-adca3f1\" data-id=\"adca3f1\" data-element_type=\"column\" data-e-type=\"column\">\n\t\t\t<div class=\"elementor-widget-wrap elementor-element-populated\">\n\t\t\t\t\t\t<div class=\"elementor-element elementor-element-7ff57bd elementor-widget elementor-widget-text-editor\" data-id=\"7ff57bd\" data-element_type=\"widget\" data-e-type=\"widget\" data-widget_type=\"text-editor.default\">\n\t\t\t\t<div class=\"elementor-widget-container\">\n\t\t\t\t\t\t\t\t\t<p><strong>\u4e89\u8bae\u89e3\u51b3\u7a0b\u5e8f\uff1a<\/strong><br \/>\u6211\u4eec\u4e0d\u53c2\u4e0e\u6d88\u8d39\u8005\u4ef2\u88c1\u59d4\u5458\u4f1a\u7684\u4e89\u7aef\u89e3\u51b3\u7a0b\u5e8f\uff0c\u4e5f\u6ca1\u6709\u4e49\u52a1\u8fd9\u6837\u505a\u3002<\/p><p><b>\u7f51\u9875\u8bbe\u8ba1\u548c\u5f00\u53d1\u3002<\/b><br \/>\u672c\u7f51\u7ad9\u7684\u7f51\u9875\u8bbe\u8ba1\u548c\u6280\u672f\u5b9e\u65bd\u662f\u7531 <a href=\"https:\/\/www.cubemedia.de\" target=\"_blank\" rel=\"noopener\">Cube Media GmbH<\/a> - \u57fa\u91d1\u4f1a\u7684\u673a\u6784 <a href=\"https:\/\/www.drawingart.de\" target=\"_blank\" rel=\"noopener\">\u7f51\u9875\u8bbe\u8ba1<\/a>, <a href=\"https:\/\/www.cubemedia.de\" target=\"_blank\" rel=\"noopener\">\u7f16\u7a0b<\/a>, <a href=\"https:\/\/www.cubemedia.de\/leistungen\/programmierung\/\" target=\"_blank\" rel=\"noopener\">\u8f6f\u4ef6\u5f00\u53d1<\/a> \u548c <a href=\"https:\/\/www.seo.organic\/\" target=\"_blank\" rel=\"noopener\">\u641c\u7d22\u5f15\u64ce\u4f18\u5316<\/a>.<\/p><p><b>\u89c6\u89c9\u6548\u679c\u3002<\/b><br \/>\u6211\u4eec\u7684\u7f51\u7ad9\u9664\u5176\u4ed6\u5916\uff0c\u8fd8\u4f7f\u7528\u6765\u81ea\u7b2c\u4e09\u65b9\u4f9b\u5e94\u5546\u7684\u6388\u6743\u56fe\u50cf\u8d44\u6599\u3002\u00a9<a href=\"http:\/\/www.shutterstock.com\" target=\"_blank\" rel=\"noopener\">Shutterstock<\/a>, \u00a9<a href=\"https:\/\/stock.adobe.com\" target=\"_blank\" rel=\"noopener\">Adobe\u80a1\u7968<\/a><\/p><p><b>\u7248\u6743\u58f0\u660e\u3002<\/b><br \/>\u7f51\u7ad9\u7ecf\u8425\u8005\u5728\u8fd9\u4e9b\u7f51\u9875\u4e0a\u521b\u9020\u7684\u5185\u5bb9\u548c\u4f5c\u54c1\u53d7\u5fb7\u56fd\u7248\u6743\u6cd5\u7ba1\u8f96\u3002\u590d\u5236\u3001\u52a0\u5de5\u3001\u5206\u53d1\u548c\u5728\u7248\u6743\u6cd5\u9650\u5236\u4e4b\u5916\u7684\u4efb\u4f55\u5f62\u5f0f\u7684\u5229\u7528\u90fd\u9700\u8981\u5f97\u5230\u76f8\u5e94\u4f5c\u8005\u6216\u521b\u4f5c\u8005\u7684\u4e66\u9762\u540c\u610f\u3002\u672c\u7f51\u7ad9\u7684\u4e0b\u8f7d\u548c\u62f7\u8d1d\u53ea\u5141\u8bb8\u7528\u4e8e\u79c1\u4eba\u3001\u975e\u5546\u4e1a\u7528\u9014\u3002<\/p><p>\u53ea\u8981\u672c\u7f51\u9875\u4e0a\u7684\u5185\u5bb9\u4e0d\u662f\u7531\u7ecf\u8425\u8005\u521b\u9020\u7684\uff0c\u5c31\u4f1a\u5c0a\u91cd\u7b2c\u4e09\u65b9\u7684\u7248\u6743\u3002\u7279\u522b\u662f\uff0c\u7b2c\u4e09\u65b9\u5185\u5bb9\u4f1a\u88ab\u8bc6\u522b\u51fa\u6765\u3002\u7136\u800c\uff0c\u5982\u679c\u4f60\u610f\u8bc6\u5230\u6709\u4fb5\u72af\u7248\u6743\u7684\u884c\u4e3a\uff0c\u8bf7\u76f8\u5e94\u5730\u901a\u77e5\u6211\u4eec\u3002\u5982\u679c\u6211\u4eec\u77e5\u9053\u6709\u4efb\u4f55\u4fb5\u6743\u884c\u4e3a\uff0c\u6211\u4eec\u5c06\u7acb\u5373\u5220\u9664\u8fd9\u4e9b\u5185\u5bb9\u3002<\/p>\t\t\t\t\t\t\t\t<\/div>\n\t\t\t\t<\/div>\n\t\t\t\t\t<\/div>\n\t\t<\/div>\n\t\t\t\t\t<\/div>\n\t\t<\/section>\n\t\t\t\t<\/div>","protected":false},"excerpt":{"rendered":"<p>Impressum Verantwortlich f\u00fcr den Inhalt nach \u00a7 55 Abs. 2 RStV, sowie nach \u00a7 5 DDG. KTB Import-ExportHandelsgesellschaft mbH &amp; Co. KG Gro\u00dfmoorring 9 21079 Hamburg Deutschland Tel: +49 40 766189 0 Fax: +49 40 766189 25 E-Mail: ktb@ktb-europe.com Web: www.ktb-europe.com Gesch\u00e4ftsf\u00fchrer: Lars Kitzinger, Ruven Lehky Verantwortlich f\u00fcr Inhalte Lars Kitzinger USt.-ID (VAT): DE 118859311 [&hellip;]<\/p>\n","protected":false},"author":2,"featured_media":0,"parent":0,"menu_order":2,"comment_status":"closed","ping_status":"closed","template":"elementor_header_footer","meta":{"_acf_changed":false,"footnotes":""},"class_list":["post-34","page","type-page","status-publish","hentry"],"acf":[],"yoast_head":"<!-- This site is optimized with the Yoast SEO plugin v27.4 - https:\/\/yoast.com\/product\/yoast-seo-wordpress\/ -->\n<title>Impressum | KTB Import Export Handelsgesellschaft | Kontaktdaten<\/title>\n<meta name=\"description\" content=\"Impressum der KTB Import-Export Handelsgesellschaft mbH &amp; Co. KG. Rechtliche Informationen &amp; Kontaktdaten f\u00fcr internationale Gesch\u00e4ftsbeziehungen.\" \/>\n<meta name=\"robots\" content=\"index, follow, max-snippet:-1, max-image-preview:large, max-video-preview:-1\" \/>\n<link rel=\"canonical\" href=\"https:\/\/www.ktb-europe.com\/cn\/\u5370\u8bb0\/\" \/>\n<meta property=\"og:locale\" content=\"zh_CN\" \/>\n<meta property=\"og:type\" content=\"article\" \/>\n<meta property=\"og:title\" content=\"Impressum | KTB Import Export Handelsgesellschaft | Kontaktdaten\" \/>\n<meta property=\"og:description\" content=\"Impressum der KTB Import-Export Handelsgesellschaft mbH &amp; Co. KG. Rechtliche Informationen &amp; Kontaktdaten f\u00fcr internationale Gesch\u00e4ftsbeziehungen.\" \/>\n<meta property=\"og:url\" content=\"https:\/\/www.ktb-europe.com\/cn\/\u5370\u8bb0\/\" \/>\n<meta property=\"og:site_name\" content=\"KTB Europe\" \/>\n<meta property=\"article:modified_time\" content=\"2026-03-19T10:15:29+00:00\" \/>\n<meta name=\"twitter:card\" content=\"summary_large_image\" \/>\n<meta name=\"twitter:label1\" content=\"\u9884\u8ba1\u9605\u8bfb\u65f6\u95f4\" \/>\n\t<meta name=\"twitter:data1\" content=\"2 \u5206\" \/>\n<script type=\"application\/ld+json\" class=\"yoast-schema-graph\">{\"@context\":\"https:\\\/\\\/schema.org\",\"@graph\":[{\"@type\":\"WebPage\",\"@id\":\"https:\\\/\\\/www.ktb-europe.com\\\/imprint\\\/\",\"url\":\"https:\\\/\\\/www.ktb-europe.com\\\/imprint\\\/\",\"name\":\"Impressum | KTB Import Export Handelsgesellschaft | Kontaktdaten\",\"isPartOf\":{\"@id\":\"https:\\\/\\\/www.ktb-europe.com\\\/#website\"},\"datePublished\":\"2022-02-21T06:57:03+00:00\",\"dateModified\":\"2026-03-19T10:15:29+00:00\",\"description\":\"Impressum der KTB Import-Export Handelsgesellschaft mbH & Co. KG. Rechtliche Informationen & Kontaktdaten f\u00fcr internationale Gesch\u00e4ftsbeziehungen.\",\"breadcrumb\":{\"@id\":\"https:\\\/\\\/www.ktb-europe.com\\\/imprint\\\/#breadcrumb\"},\"inLanguage\":\"zh-Hans\",\"potentialAction\":[{\"@type\":\"ReadAction\",\"target\":[\"https:\\\/\\\/www.ktb-europe.com\\\/imprint\\\/\"]}]},{\"@type\":\"BreadcrumbList\",\"@id\":\"https:\\\/\\\/www.ktb-europe.com\\\/imprint\\\/#breadcrumb\",\"itemListElement\":[{\"@type\":\"ListItem\",\"position\":1,\"name\":\"Home\",\"item\":\"https:\\\/\\\/www.ktb-europe.com\\\/\"},{\"@type\":\"ListItem\",\"position\":2,\"name\":\"Impressum\"}]},{\"@type\":\"WebSite\",\"@id\":\"https:\\\/\\\/www.ktb-europe.com\\\/#website\",\"url\":\"https:\\\/\\\/www.ktb-europe.com\\\/\",\"name\":\"KTB Europe\",\"description\":\"Industrial supplies and worldwide trading services.\",\"publisher\":{\"@id\":\"https:\\\/\\\/www.ktb-europe.com\\\/#organization\"},\"potentialAction\":[{\"@type\":\"SearchAction\",\"target\":{\"@type\":\"EntryPoint\",\"urlTemplate\":\"https:\\\/\\\/www.ktb-europe.com\\\/?s={search_term_string}\"},\"query-input\":{\"@type\":\"PropertyValueSpecification\",\"valueRequired\":true,\"valueName\":\"search_term_string\"}}],\"inLanguage\":\"zh-Hans\"},{\"@type\":\"Organization\",\"@id\":\"https:\\\/\\\/www.ktb-europe.com\\\/#organization\",\"name\":\"KTB Europe GmbH\",\"url\":\"https:\\\/\\\/www.ktb-europe.com\\\/\",\"logo\":{\"@type\":\"ImageObject\",\"inLanguage\":\"zh-Hans\",\"@id\":\"https:\\\/\\\/www.ktb-europe.com\\\/#\\\/schema\\\/logo\\\/image\\\/\",\"url\":\"https:\\\/\\\/www.ktb-europe.com\\\/wp-content\\\/uploads\\\/2022\\\/03\\\/logo-ktb.svg\",\"contentUrl\":\"https:\\\/\\\/www.ktb-europe.com\\\/wp-content\\\/uploads\\\/2022\\\/03\\\/logo-ktb.svg\",\"width\":195,\"height\":59,\"caption\":\"KTB Europe GmbH\"},\"image\":{\"@id\":\"https:\\\/\\\/www.ktb-europe.com\\\/#\\\/schema\\\/logo\\\/image\\\/\"}}]}<\/script>\n<!-- \/ Yoast SEO plugin. -->","yoast_head_json":{"title":"\u7248\u672c\u8bf4\u660e | KTB Import Export Handelsgesellschaft | \u8054\u7cfb\u65b9\u5f0f","description":"KTB Import-Export Handelsgesellschaft mbH &amp; Co.KG.\u6709\u5173\u56fd\u9645\u5546\u52a1\u5173\u7cfb\u7684\u6cd5\u5f8b\u4fe1\u606f\u548c\u8054\u7cfb\u65b9\u5f0f\u3002","robots":{"index":"index","follow":"follow","max-snippet":"max-snippet:-1","max-image-preview":"max-image-preview:large","max-video-preview":"max-video-preview:-1"},"canonical":"https:\/\/www.ktb-europe.com\/cn\/\u5370\u8bb0\/","og_locale":"zh_CN","og_type":"article","og_title":"Impressum | KTB Import Export Handelsgesellschaft | Kontaktdaten","og_description":"Impressum der KTB Import-Export Handelsgesellschaft mbH & Co. KG. Rechtliche Informationen & Kontaktdaten f\u00fcr internationale Gesch\u00e4ftsbeziehungen.","og_url":"https:\/\/www.ktb-europe.com\/cn\/\u5370\u8bb0\/","og_site_name":"KTB Europe","article_modified_time":"2026-03-19T10:15:29+00:00","twitter_card":"summary_large_image","twitter_misc":{"\u9884\u8ba1\u9605\u8bfb\u65f6\u95f4":"2 \u5206"},"schema":{"@context":"https:\/\/schema.org","@graph":[{"@type":"WebPage","@id":"https:\/\/www.ktb-europe.com\/imprint\/","url":"https:\/\/www.ktb-europe.com\/imprint\/","name":"\u7248\u672c\u8bf4\u660e | KTB Import Export Handelsgesellschaft | \u8054\u7cfb\u65b9\u5f0f","isPartOf":{"@id":"https:\/\/www.ktb-europe.com\/#website"},"datePublished":"2022-02-21T06:57:03+00:00","dateModified":"2026-03-19T10:15:29+00:00","description":"KTB Import-Export Handelsgesellschaft mbH &amp; Co.KG.\u6709\u5173\u56fd\u9645\u5546\u52a1\u5173\u7cfb\u7684\u6cd5\u5f8b\u4fe1\u606f\u548c\u8054\u7cfb\u65b9\u5f0f\u3002","breadcrumb":{"@id":"https:\/\/www.ktb-europe.com\/imprint\/#breadcrumb"},"inLanguage":"zh-Hans","potentialAction":[{"@type":"ReadAction","target":["https:\/\/www.ktb-europe.com\/imprint\/"]}]},{"@type":"BreadcrumbList","@id":"https:\/\/www.ktb-europe.com\/imprint\/#breadcrumb","itemListElement":[{"@type":"ListItem","position":1,"name":"Home","item":"https:\/\/www.ktb-europe.com\/"},{"@type":"ListItem","position":2,"name":"Impressum"}]},{"@type":"WebSite","@id":"https:\/\/www.ktb-europe.com\/#website","url":"https:\/\/www.ktb-europe.com\/","name":"KTB\u6b27\u6d32","description":"\u5de5\u4e1a\u7528\u54c1\u548c\u5168\u7403\u8d38\u6613\u670d\u52a1\u3002","publisher":{"@id":"https:\/\/www.ktb-europe.com\/#organization"},"potentialAction":[{"@type":"SearchAction","target":{"@type":"EntryPoint","urlTemplate":"https:\/\/www.ktb-europe.com\/?s={search_term_string}"},"query-input":{"@type":"PropertyValueSpecification","valueRequired":true,"valueName":"search_term_string"}}],"inLanguage":"zh-Hans"},{"@type":"Organization","@id":"https:\/\/www.ktb-europe.com\/#organization","name":"KTB \u6b27\u6d32\u6709\u9650\u516c\u53f8","url":"https:\/\/www.ktb-europe.com\/","logo":{"@type":"ImageObject","inLanguage":"zh-Hans","@id":"https:\/\/www.ktb-europe.com\/#\/schema\/logo\/image\/","url":"https:\/\/www.ktb-europe.com\/wp-content\/uploads\/2022\/03\/logo-ktb.svg","contentUrl":"https:\/\/www.ktb-europe.com\/wp-content\/uploads\/2022\/03\/logo-ktb.svg","width":195,"height":59,"caption":"KTB Europe GmbH"},"image":{"@id":"https:\/\/www.ktb-europe.com\/#\/schema\/logo\/image\/"}}]}},"_links":{"self":[{"href":"https:\/\/www.ktb-europe.com\/cn\/wp-json\/wp\/v2\/pages\/34","targetHints":{"allow":["GET"]}}],"collection":[{"href":"https:\/\/www.ktb-europe.com\/cn\/wp-json\/wp\/v2\/pages"}],"about":[{"href":"https:\/\/www.ktb-europe.com\/cn\/wp-json\/wp\/v2\/types\/page"}],"author":[{"embeddable":true,"href":"https:\/\/www.ktb-europe.com\/cn\/wp-json\/wp\/v2\/users\/2"}],"replies":[{"embeddable":true,"href":"https:\/\/www.ktb-europe.com\/cn\/wp-json\/wp\/v2\/comments?post=34"}],"version-history":[{"count":3,"href":"https:\/\/www.ktb-europe.com\/cn\/wp-json\/wp\/v2\/pages\/34\/revisions"}],"predecessor-version":[{"id":79337,"href":"https:\/\/www.ktb-europe.com\/cn\/wp-json\/wp\/v2\/pages\/34\/revisions\/79337"}],"wp:attachment":[{"href":"https:\/\/www.ktb-europe.com\/cn\/wp-json\/wp\/v2\/media?parent=34"}],"curies":[{"name":"wp","href":"https:\/\/api.w.org\/{rel}","templated":true}]}}