{"id":34,"date":"2022-02-21T06:57:03","date_gmt":"2022-02-21T06:57:03","guid":{"rendered":"https:\/\/www.ktb-europe.com\/?page_id=34"},"modified":"2026-03-19T10:15:29","modified_gmt":"2026-03-19T10:15:29","slug":"imprimir","status":"publish","type":"page","link":"https:\/\/www.ktb-europe.com\/es\/imprint\/","title":{"rendered":"Pie de imprenta"},"content":{"rendered":"<div data-elementor-type=\"wp-page\" data-elementor-id=\"34\" class=\"elementor elementor-34\" data-elementor-post-type=\"page\">\n\t\t\t\t\t\t<section class=\"elementor-section elementor-top-section elementor-element elementor-element-705dddb elementor-section-full_width elementor-section-height-min-height elementor-section-height-default elementor-section-items-middle\" data-id=\"705dddb\" data-element_type=\"section\" data-e-type=\"section\">\n\t\t\t\t\t\t\t<div class=\"elementor-background-overlay\"><\/div>\n\t\t\t\t\t\t\t<div class=\"elementor-container elementor-column-gap-default\">\n\t\t\t\t\t<div class=\"elementor-column elementor-col-100 elementor-top-column elementor-element elementor-element-51d489c\" data-id=\"51d489c\" data-element_type=\"column\" data-e-type=\"column\">\n\t\t\t<div class=\"elementor-widget-wrap elementor-element-populated\">\n\t\t\t\t\t\t<div class=\"elementor-element elementor-element-f4cec1a elementor-widget elementor-widget-heading\" data-id=\"f4cec1a\" data-element_type=\"widget\" data-e-type=\"widget\" data-widget_type=\"heading.default\">\n\t\t\t\t<div class=\"elementor-widget-container\">\n\t\t\t\t\t<h2 class=\"elementor-heading-title elementor-size-default\">Pie de imprenta <\/h2>\t\t\t\t<\/div>\n\t\t\t\t<\/div>\n\t\t\t\t<div class=\"elementor-element elementor-element-71276da elementor-widget__width-initial elementor-widget elementor-widget-heading\" data-id=\"71276da\" data-element_type=\"widget\" data-e-type=\"widget\" data-widget_type=\"heading.default\">\n\t\t\t\t<div class=\"elementor-widget-container\">\n\t\t\t\t\t<p class=\"elementor-heading-title elementor-size-default\">Responsable del contenido seg\u00fan \u00a7 55 Abs. 2 RStV, as\u00ed como \u00a7 5 DDG.<\/p>\t\t\t\t<\/div>\n\t\t\t\t<\/div>\n\t\t\t\t\t<\/div>\n\t\t<\/div>\n\t\t\t\t\t<\/div>\n\t\t<\/section>\n\t\t\t\t<section class=\"elementor-section elementor-top-section elementor-element elementor-element-8a5aa14 elementor-section-full_width elementor-section-height-default elementor-section-height-default\" data-id=\"8a5aa14\" data-element_type=\"section\" data-e-type=\"section\">\n\t\t\t\t\t\t<div class=\"elementor-container elementor-column-gap-default\">\n\t\t\t\t\t<div class=\"elementor-column elementor-col-50 elementor-top-column elementor-element elementor-element-8c2928b\" data-id=\"8c2928b\" data-element_type=\"column\" data-e-type=\"column\">\n\t\t\t<div class=\"elementor-widget-wrap elementor-element-populated\">\n\t\t\t\t\t\t<div class=\"elementor-element elementor-element-ad7e2f5 elementor-widget elementor-widget-heading\" data-id=\"ad7e2f5\" data-element_type=\"widget\" data-e-type=\"widget\" data-widget_type=\"heading.default\">\n\t\t\t\t<div class=\"elementor-widget-container\">\n\t\t\t\t\t<h3 class=\"elementor-heading-title elementor-size-default\"><span style=\"font-family: Roboto;font-size: 16.8px;white-space: normal\">KTB Importaci\u00f3n-Exportaci\u00f3n<\/span><br style=\"font-family: Roboto;font-size: 16.8px;white-space: normal\"><span style=\"font-family: Roboto;font-size: 16.8px;white-space: normal\">Trading Company mbH &amp; Co. KG<\/span><\/h3>\t\t\t\t<\/div>\n\t\t\t\t<\/div>\n\t\t\t\t<section class=\"elementor-section elementor-inner-section elementor-element elementor-element-584e46f elementor-section-boxed elementor-section-height-default elementor-section-height-default\" data-id=\"584e46f\" data-element_type=\"section\" data-e-type=\"section\">\n\t\t\t\t\t\t<div class=\"elementor-container elementor-column-gap-default\">\n\t\t\t\t\t<div class=\"elementor-column elementor-col-50 elementor-inner-column elementor-element elementor-element-5bb4e55\" data-id=\"5bb4e55\" data-element_type=\"column\" data-e-type=\"column\">\n\t\t\t<div class=\"elementor-widget-wrap elementor-element-populated\">\n\t\t\t\t\t\t<div class=\"elementor-element elementor-element-16b9882 elementor-widget elementor-widget-heading\" data-id=\"16b9882\" data-element_type=\"widget\" data-e-type=\"widget\" data-widget_type=\"heading.default\">\n\t\t\t\t<div class=\"elementor-widget-container\">\n\t\t\t\t\t<p class=\"elementor-heading-title elementor-size-default\">Gro\u00dfmoorring 9<br>\n21079 Hamburgo<br>\nAlemania<\/p>\t\t\t\t<\/div>\n\t\t\t\t<\/div>\n\t\t\t\t<div class=\"elementor-element elementor-element-4838bfe elementor-widget elementor-widget-heading\" data-id=\"4838bfe\" data-element_type=\"widget\" data-e-type=\"widget\" data-widget_type=\"heading.default\">\n\t\t\t\t<div class=\"elementor-widget-container\">\n\t\t\t\t\t<h2 class=\"elementor-heading-title elementor-size-default\">Tel: <\/h2>\t\t\t\t<\/div>\n\t\t\t\t<\/div>\n\t\t\t\t<div class=\"elementor-element elementor-element-6f25d51 elementor-widget elementor-widget-heading\" data-id=\"6f25d51\" data-element_type=\"widget\" data-e-type=\"widget\" data-widget_type=\"heading.default\">\n\t\t\t\t<div class=\"elementor-widget-container\">\n\t\t\t\t\t<h2 class=\"elementor-heading-title elementor-size-default\">+49 40 766189 0<\/h2>\t\t\t\t<\/div>\n\t\t\t\t<\/div>\n\t\t\t\t<div class=\"elementor-element elementor-element-2b9da81 elementor-widget elementor-widget-heading\" data-id=\"2b9da81\" data-element_type=\"widget\" data-e-type=\"widget\" data-widget_type=\"heading.default\">\n\t\t\t\t<div class=\"elementor-widget-container\">\n\t\t\t\t\t<h2 class=\"elementor-heading-title elementor-size-default\">Fax:<\/h2>\t\t\t\t<\/div>\n\t\t\t\t<\/div>\n\t\t\t\t<div class=\"elementor-element elementor-element-77b8ee6 elementor-widget elementor-widget-heading\" data-id=\"77b8ee6\" data-element_type=\"widget\" data-e-type=\"widget\" data-widget_type=\"heading.default\">\n\t\t\t\t<div class=\"elementor-widget-container\">\n\t\t\t\t\t<h2 class=\"elementor-heading-title elementor-size-default\">+49 40 766189 25<\/h2>\t\t\t\t<\/div>\n\t\t\t\t<\/div>\n\t\t\t\t<div class=\"elementor-element elementor-element-ac9189e elementor-widget elementor-widget-heading\" data-id=\"ac9189e\" data-element_type=\"widget\" data-e-type=\"widget\" data-widget_type=\"heading.default\">\n\t\t\t\t<div class=\"elementor-widget-container\">\n\t\t\t\t\t<h2 class=\"elementor-heading-title elementor-size-default\">Correo electr\u00f3nico:<\/h2>\t\t\t\t<\/div>\n\t\t\t\t<\/div>\n\t\t\t\t<div class=\"elementor-element elementor-element-12fea59 elementor-widget__width-auto elementor-widget elementor-widget-button\" data-id=\"12fea59\" data-element_type=\"widget\" data-e-type=\"widget\" data-widget_type=\"button.default\">\n\t\t\t\t<div class=\"elementor-widget-container\">\n\t\t\t\t\t\t\t\t\t<div class=\"elementor-button-wrapper\">\n\t\t\t\t\t<a class=\"elementor-button elementor-button-link elementor-size-sm\" href=\"mailto:ktb@ktb-europe.com\">\n\t\t\t\t\t\t<span class=\"elementor-button-content-wrapper\">\n\t\t\t\t\t\t\t\t\t<span class=\"elementor-button-text\">ktb@ktb-europe.com<\/span>\n\t\t\t\t\t<\/span>\n\t\t\t\t\t<\/a>\n\t\t\t\t<\/div>\n\t\t\t\t\t\t\t\t<\/div>\n\t\t\t\t<\/div>\n\t\t\t\t<div class=\"elementor-element elementor-element-628db9b elementor-widget elementor-widget-heading\" data-id=\"628db9b\" data-element_type=\"widget\" data-e-type=\"widget\" data-widget_type=\"heading.default\">\n\t\t\t\t<div class=\"elementor-widget-container\">\n\t\t\t\t\t<h2 class=\"elementor-heading-title elementor-size-default\">Web:<\/h2>\t\t\t\t<\/div>\n\t\t\t\t<\/div>\n\t\t\t\t<div class=\"elementor-element elementor-element-2c8774b elementor-widget__width-auto elementor-widget elementor-widget-button\" data-id=\"2c8774b\" data-element_type=\"widget\" data-e-type=\"widget\" data-widget_type=\"button.default\">\n\t\t\t\t<div class=\"elementor-widget-container\">\n\t\t\t\t\t\t\t\t\t<div class=\"elementor-button-wrapper\">\n\t\t\t\t\t<a class=\"elementor-button elementor-button-link elementor-size-sm\" href=\"http:\/\/www.ktb-europe.com\/es\/\">\n\t\t\t\t\t\t<span class=\"elementor-button-content-wrapper\">\n\t\t\t\t\t\t\t\t\t<span class=\"elementor-button-text\">www.ktb-europe.com<\/span>\n\t\t\t\t\t<\/span>\n\t\t\t\t\t<\/a>\n\t\t\t\t<\/div>\n\t\t\t\t\t\t\t\t<\/div>\n\t\t\t\t<\/div>\n\t\t\t\t\t<\/div>\n\t\t<\/div>\n\t\t\t\t<div class=\"elementor-column elementor-col-50 elementor-inner-column elementor-element elementor-element-e8ce5d4\" data-id=\"e8ce5d4\" data-element_type=\"column\" data-e-type=\"column\">\n\t\t\t<div class=\"elementor-widget-wrap elementor-element-populated\">\n\t\t\t\t\t\t<div class=\"elementor-element elementor-element-43be5d0 elementor-widget elementor-widget-heading\" data-id=\"43be5d0\" data-element_type=\"widget\" data-e-type=\"widget\" data-widget_type=\"heading.default\">\n\t\t\t\t<div class=\"elementor-widget-container\">\n\t\t\t\t\t<h2 class=\"elementor-heading-title elementor-size-default\">Director General:<\/h2>\t\t\t\t<\/div>\n\t\t\t\t<\/div>\n\t\t\t\t<div class=\"elementor-element elementor-element-09ef054 elementor-widget elementor-widget-heading\" data-id=\"09ef054\" data-element_type=\"widget\" data-e-type=\"widget\" data-widget_type=\"heading.default\">\n\t\t\t\t<div class=\"elementor-widget-container\">\n\t\t\t\t\t<h2 class=\"elementor-heading-title elementor-size-default\">Lars Kitzinger, Ruven Lehky<\/h2>\t\t\t\t<\/div>\n\t\t\t\t<\/div>\n\t\t\t\t<div class=\"elementor-element elementor-element-89f5438 elementor-widget elementor-widget-heading\" data-id=\"89f5438\" data-element_type=\"widget\" data-e-type=\"widget\" data-widget_type=\"heading.default\">\n\t\t\t\t<div class=\"elementor-widget-container\">\n\t\t\t\t\t<h2 class=\"elementor-heading-title elementor-size-default\">Responsable del contenido<\/h2>\t\t\t\t<\/div>\n\t\t\t\t<\/div>\n\t\t\t\t<div class=\"elementor-element elementor-element-4b6990a elementor-widget elementor-widget-heading\" data-id=\"4b6990a\" data-element_type=\"widget\" data-e-type=\"widget\" data-widget_type=\"heading.default\">\n\t\t\t\t<div class=\"elementor-widget-container\">\n\t\t\t\t\t<h2 class=\"elementor-heading-title elementor-size-default\">Lars Kitzinger<\/h2>\t\t\t\t<\/div>\n\t\t\t\t<\/div>\n\t\t\t\t<div class=\"elementor-element elementor-element-8554e54 elementor-widget elementor-widget-heading\" data-id=\"8554e54\" data-element_type=\"widget\" data-e-type=\"widget\" data-widget_type=\"heading.default\">\n\t\t\t\t<div class=\"elementor-widget-container\">\n\t\t\t\t\t<h2 class=\"elementor-heading-title elementor-size-default\">N\u00famero de identificaci\u00f3n del impuesto sobre el valor a\u00f1adido (IVA):<\/h2>\t\t\t\t<\/div>\n\t\t\t\t<\/div>\n\t\t\t\t<div class=\"elementor-element elementor-element-923c881 elementor-widget elementor-widget-heading\" data-id=\"923c881\" data-element_type=\"widget\" data-e-type=\"widget\" data-widget_type=\"heading.default\">\n\t\t\t\t<div class=\"elementor-widget-container\">\n\t\t\t\t\t<h2 class=\"elementor-heading-title elementor-size-default\">DE 118859311<\/h2>\t\t\t\t<\/div>\n\t\t\t\t<\/div>\n\t\t\t\t<div class=\"elementor-element elementor-element-95cfff0 elementor-widget elementor-widget-heading\" data-id=\"95cfff0\" data-element_type=\"widget\" data-e-type=\"widget\" data-widget_type=\"heading.default\">\n\t\t\t\t<div class=\"elementor-widget-container\">\n\t\t\t\t\t<h2 class=\"elementor-heading-title elementor-size-default\">Tipo de empresa:<\/h2>\t\t\t\t<\/div>\n\t\t\t\t<\/div>\n\t\t\t\t<div class=\"elementor-element elementor-element-1db44c3 elementor-widget elementor-widget-heading\" data-id=\"1db44c3\" data-element_type=\"widget\" data-e-type=\"widget\" data-widget_type=\"heading.default\">\n\t\t\t\t<div class=\"elementor-widget-container\">\n\t\t\t\t\t<p class=\"elementor-heading-title elementor-size-default\">Sociedad Limitada, con domicilio social en Hamburgo<br>\nTribunal local de Hamburgo HRA 74400<br><br>\n<\/p>\t\t\t\t<\/div>\n\t\t\t\t<\/div>\n\t\t\t\t<div class=\"elementor-element elementor-element-8e98e59 elementor-widget elementor-widget-heading\" data-id=\"8e98e59\" data-element_type=\"widget\" data-e-type=\"widget\" data-widget_type=\"heading.default\">\n\t\t\t\t<div class=\"elementor-widget-container\">\n\t\t\t\t\t<h2 class=\"elementor-heading-title elementor-size-default\">Socio responsable personalmente:<\/h2>\t\t\t\t<\/div>\n\t\t\t\t<\/div>\n\t\t\t\t<div class=\"elementor-element elementor-element-865aacc elementor-widget elementor-widget-heading\" data-id=\"865aacc\" data-element_type=\"widget\" data-e-type=\"widget\" data-widget_type=\"heading.default\">\n\t\t\t\t<div class=\"elementor-widget-container\">\n\t\t\t\t\t<p class=\"elementor-heading-title elementor-size-default\">Sociedad de inversi\u00f3n\nKTB Import Export mbH<br>\nDomicilio social en Hamburgo, Tribunal Local de Hamburgo HRB 18348<br>\nJurisdicci\u00f3n Hamburgo<\/p>\t\t\t\t<\/div>\n\t\t\t\t<\/div>\n\t\t\t\t<div class=\"elementor-element elementor-element-3f752f6 elementor-widget elementor-widget-heading\" data-id=\"3f752f6\" data-element_type=\"widget\" data-e-type=\"widget\" data-widget_type=\"heading.default\">\n\t\t\t\t<div class=\"elementor-widget-container\">\n\t\t\t\t\t<h2 class=\"elementor-heading-title elementor-size-default\">Cube Media | Agencia digital de inform\u00e1tica, dise\u00f1o web, desarrollo de software y optimizaci\u00f3n para motores de b\u00fasqueda (SEO):<\/h2>\t\t\t\t<\/div>\n\t\t\t\t<\/div>\n\t\t\t\t<div class=\"elementor-element elementor-element-1f514cd elementor-widget elementor-widget-heading\" data-id=\"1f514cd\" data-element_type=\"widget\" data-e-type=\"widget\" data-widget_type=\"heading.default\">\n\t\t\t\t<div class=\"elementor-widget-container\">\n\t\t\t\t\t<h3 class=\"elementor-heading-title elementor-size-default\"><a href=\"https:\/\/www.cubemedia.de\" target=\"_blank\">www.cubemedia.de<\/a><\/h3>\t\t\t\t<\/div>\n\t\t\t\t<\/div>\n\t\t\t\t\t<\/div>\n\t\t<\/div>\n\t\t\t\t\t<\/div>\n\t\t<\/section>\n\t\t\t\t\t<\/div>\n\t\t<\/div>\n\t\t\t\t<div class=\"elementor-column elementor-col-50 elementor-top-column elementor-element elementor-element-adca3f1\" data-id=\"adca3f1\" data-element_type=\"column\" data-e-type=\"column\">\n\t\t\t<div class=\"elementor-widget-wrap elementor-element-populated\">\n\t\t\t\t\t\t<div class=\"elementor-element elementor-element-7ff57bd elementor-widget elementor-widget-text-editor\" data-id=\"7ff57bd\" data-element_type=\"widget\" data-e-type=\"widget\" data-widget_type=\"text-editor.default\">\n\t\t\t\t<div class=\"elementor-widget-container\">\n\t\t\t\t\t\t\t\t\t<p><strong>Procedimiento de resoluci\u00f3n de litigios:<\/strong><br \/>No participamos en procedimientos de resoluci\u00f3n de conflictos ante una junta de arbitraje de consumo y no estamos obligados a hacerlo.<\/p><p><b>Dise\u00f1o y desarrollo web:<\/b><br \/>El dise\u00f1o web y la implementaci\u00f3n t\u00e9cnica de este sitio web fueron proporcionados por el <a href=\"https:\/\/www.cubemedia.de\" target=\"_blank\" rel=\"noopener\">Cube Media GmbH<\/a> - Agencia para <a href=\"https:\/\/www.drawingart.de\" target=\"_blank\" rel=\"noopener\">Dise\u00f1o web<\/a>, <a href=\"https:\/\/www.cubemedia.de\" target=\"_blank\" rel=\"noopener\">Programaci\u00f3n<\/a>, <a href=\"https:\/\/www.cubemedia.de\/leistungen\/programmierung\/\" target=\"_blank\" rel=\"noopener\">Desarrollo de software<\/a> y <a href=\"https:\/\/www.seo.organic\/\" target=\"_blank\" rel=\"noopener\">Optimizaci\u00f3n de los motores de b\u00fasqueda<\/a>.<\/p><p><b>Visuales:<\/b><br \/>Nuestro sitio web utiliza, entre otras cosas, material de imagen con licencia de terceros proveedores: \u00a9<a href=\"http:\/\/www.shutterstock.com\" target=\"_blank\" rel=\"noopener\">Shutterstock<\/a>, \u00a9<a href=\"https:\/\/stock.adobe.com\" target=\"_blank\" rel=\"noopener\">Adobe Stock<\/a><\/p><p><b>Derechos de autor:<\/b><br \/>El contenido y las obras creadas por los operadores del sitio en estas p\u00e1ginas est\u00e1n sujetos a la legislaci\u00f3n alemana sobre derechos de autor. La duplicaci\u00f3n, el procesamiento, la distribuci\u00f3n y cualquier tipo de explotaci\u00f3n fuera de los l\u00edmites de la ley de derechos de autor requieren el consentimiento por escrito del respectivo autor o creador. Las descargas y copias de este sitio s\u00f3lo se permiten para uso privado y no comercial.<\/p><p>En la medida en que el contenido de esta p\u00e1gina no ha sido creado por el operador, se respetan los derechos de autor de terceros. En particular, los contenidos de terceros se identifican como tales. No obstante, si tiene conocimiento de una infracci\u00f3n de los derechos de autor, le rogamos que nos informe al respecto. Si tenemos conocimiento de alguna infracci\u00f3n, eliminaremos dicho contenido inmediatamente.<\/p>\t\t\t\t\t\t\t\t<\/div>\n\t\t\t\t<\/div>\n\t\t\t\t\t<\/div>\n\t\t<\/div>\n\t\t\t\t\t<\/div>\n\t\t<\/section>\n\t\t\t\t<\/div>","protected":false},"excerpt":{"rendered":"<p>Impressum Verantwortlich f\u00fcr den Inhalt nach \u00a7 55 Abs. 2 RStV, sowie nach \u00a7 5 DDG. KTB Import-ExportHandelsgesellschaft mbH &amp; Co. KG Gro\u00dfmoorring 9 21079 Hamburg Deutschland Tel: +49 40 766189 0 Fax: +49 40 766189 25 E-Mail: ktb@ktb-europe.com Web: www.ktb-europe.com Gesch\u00e4ftsf\u00fchrer: Lars Kitzinger, Ruven Lehky Verantwortlich f\u00fcr Inhalte Lars Kitzinger USt.-ID (VAT): DE 118859311 [&hellip;]<\/p>\n","protected":false},"author":2,"featured_media":0,"parent":0,"menu_order":2,"comment_status":"closed","ping_status":"closed","template":"elementor_header_footer","meta":{"_acf_changed":false,"footnotes":""},"class_list":["post-34","page","type-page","status-publish","hentry"],"acf":[],"yoast_head":"<!-- This site is optimized with the Yoast SEO plugin v27.4 - https:\/\/yoast.com\/product\/yoast-seo-wordpress\/ -->\n<title>Impressum | KTB Import Export Handelsgesellschaft | Kontaktdaten<\/title>\n<meta name=\"description\" content=\"Impressum der KTB Import-Export Handelsgesellschaft mbH &amp; Co. KG. Rechtliche Informationen &amp; Kontaktdaten f\u00fcr internationale Gesch\u00e4ftsbeziehungen.\" \/>\n<meta name=\"robots\" content=\"index, follow, max-snippet:-1, max-image-preview:large, max-video-preview:-1\" \/>\n<link rel=\"canonical\" href=\"https:\/\/www.ktb-europe.com\/es\/imprimir\/\" \/>\n<meta property=\"og:locale\" content=\"es_ES\" \/>\n<meta property=\"og:type\" content=\"article\" \/>\n<meta property=\"og:title\" content=\"Impressum | KTB Import Export Handelsgesellschaft | Kontaktdaten\" \/>\n<meta property=\"og:description\" content=\"Impressum der KTB Import-Export Handelsgesellschaft mbH &amp; Co. KG. Rechtliche Informationen &amp; Kontaktdaten f\u00fcr internationale Gesch\u00e4ftsbeziehungen.\" \/>\n<meta property=\"og:url\" content=\"https:\/\/www.ktb-europe.com\/es\/imprimir\/\" \/>\n<meta property=\"og:site_name\" content=\"KTB Europe\" \/>\n<meta property=\"article:modified_time\" content=\"2026-03-19T10:15:29+00:00\" \/>\n<meta name=\"twitter:card\" content=\"summary_large_image\" \/>\n<meta name=\"twitter:label1\" content=\"Tiempo de lectura\" \/>\n\t<meta name=\"twitter:data1\" content=\"2 minutos\" \/>\n<script type=\"application\/ld+json\" class=\"yoast-schema-graph\">{\"@context\":\"https:\\\/\\\/schema.org\",\"@graph\":[{\"@type\":\"WebPage\",\"@id\":\"https:\\\/\\\/www.ktb-europe.com\\\/imprint\\\/\",\"url\":\"https:\\\/\\\/www.ktb-europe.com\\\/imprint\\\/\",\"name\":\"Impressum | KTB Import Export Handelsgesellschaft | Kontaktdaten\",\"isPartOf\":{\"@id\":\"https:\\\/\\\/www.ktb-europe.com\\\/#website\"},\"datePublished\":\"2022-02-21T06:57:03+00:00\",\"dateModified\":\"2026-03-19T10:15:29+00:00\",\"description\":\"Impressum der KTB Import-Export Handelsgesellschaft mbH & Co. KG. Rechtliche Informationen & Kontaktdaten f\u00fcr internationale Gesch\u00e4ftsbeziehungen.\",\"breadcrumb\":{\"@id\":\"https:\\\/\\\/www.ktb-europe.com\\\/imprint\\\/#breadcrumb\"},\"inLanguage\":\"es\",\"potentialAction\":[{\"@type\":\"ReadAction\",\"target\":[\"https:\\\/\\\/www.ktb-europe.com\\\/imprint\\\/\"]}]},{\"@type\":\"BreadcrumbList\",\"@id\":\"https:\\\/\\\/www.ktb-europe.com\\\/imprint\\\/#breadcrumb\",\"itemListElement\":[{\"@type\":\"ListItem\",\"position\":1,\"name\":\"Home\",\"item\":\"https:\\\/\\\/www.ktb-europe.com\\\/\"},{\"@type\":\"ListItem\",\"position\":2,\"name\":\"Impressum\"}]},{\"@type\":\"WebSite\",\"@id\":\"https:\\\/\\\/www.ktb-europe.com\\\/#website\",\"url\":\"https:\\\/\\\/www.ktb-europe.com\\\/\",\"name\":\"KTB Europe\",\"description\":\"Industrial supplies and worldwide trading services.\",\"publisher\":{\"@id\":\"https:\\\/\\\/www.ktb-europe.com\\\/#organization\"},\"potentialAction\":[{\"@type\":\"SearchAction\",\"target\":{\"@type\":\"EntryPoint\",\"urlTemplate\":\"https:\\\/\\\/www.ktb-europe.com\\\/?s={search_term_string}\"},\"query-input\":{\"@type\":\"PropertyValueSpecification\",\"valueRequired\":true,\"valueName\":\"search_term_string\"}}],\"inLanguage\":\"es\"},{\"@type\":\"Organization\",\"@id\":\"https:\\\/\\\/www.ktb-europe.com\\\/#organization\",\"name\":\"KTB Europe GmbH\",\"url\":\"https:\\\/\\\/www.ktb-europe.com\\\/\",\"logo\":{\"@type\":\"ImageObject\",\"inLanguage\":\"es\",\"@id\":\"https:\\\/\\\/www.ktb-europe.com\\\/#\\\/schema\\\/logo\\\/image\\\/\",\"url\":\"https:\\\/\\\/www.ktb-europe.com\\\/wp-content\\\/uploads\\\/2022\\\/03\\\/logo-ktb.svg\",\"contentUrl\":\"https:\\\/\\\/www.ktb-europe.com\\\/wp-content\\\/uploads\\\/2022\\\/03\\\/logo-ktb.svg\",\"width\":195,\"height\":59,\"caption\":\"KTB Europe GmbH\"},\"image\":{\"@id\":\"https:\\\/\\\/www.ktb-europe.com\\\/#\\\/schema\\\/logo\\\/image\\\/\"}}]}<\/script>\n<!-- \/ Yoast SEO plugin. -->","yoast_head_json":{"title":"Pie de imprenta | KTB Import Export Handelsgesellschaft | Datos de contacto","description":"Pie de imprenta de KTB Import-Export Handelsgesellschaft mbH &amp; Co. KG. Informaci\u00f3n jur\u00eddica y datos de contacto para relaciones comerciales internacionales.","robots":{"index":"index","follow":"follow","max-snippet":"max-snippet:-1","max-image-preview":"max-image-preview:large","max-video-preview":"max-video-preview:-1"},"canonical":"https:\/\/www.ktb-europe.com\/es\/imprimir\/","og_locale":"es_ES","og_type":"article","og_title":"Impressum | KTB Import Export Handelsgesellschaft | Kontaktdaten","og_description":"Impressum der KTB Import-Export Handelsgesellschaft mbH & Co. KG. Rechtliche Informationen & Kontaktdaten f\u00fcr internationale Gesch\u00e4ftsbeziehungen.","og_url":"https:\/\/www.ktb-europe.com\/es\/imprimir\/","og_site_name":"KTB Europe","article_modified_time":"2026-03-19T10:15:29+00:00","twitter_card":"summary_large_image","twitter_misc":{"Tiempo de lectura":"2 minutos"},"schema":{"@context":"https:\/\/schema.org","@graph":[{"@type":"WebPage","@id":"https:\/\/www.ktb-europe.com\/imprint\/","url":"https:\/\/www.ktb-europe.com\/imprint\/","name":"Pie de imprenta | KTB Import Export Handelsgesellschaft | Datos de contacto","isPartOf":{"@id":"https:\/\/www.ktb-europe.com\/#website"},"datePublished":"2022-02-21T06:57:03+00:00","dateModified":"2026-03-19T10:15:29+00:00","description":"Pie de imprenta de KTB Import-Export Handelsgesellschaft mbH &amp; Co. KG. Informaci\u00f3n jur\u00eddica y datos de contacto para relaciones comerciales internacionales.","breadcrumb":{"@id":"https:\/\/www.ktb-europe.com\/imprint\/#breadcrumb"},"inLanguage":"es","potentialAction":[{"@type":"ReadAction","target":["https:\/\/www.ktb-europe.com\/imprint\/"]}]},{"@type":"BreadcrumbList","@id":"https:\/\/www.ktb-europe.com\/imprint\/#breadcrumb","itemListElement":[{"@type":"ListItem","position":1,"name":"Home","item":"https:\/\/www.ktb-europe.com\/"},{"@type":"ListItem","position":2,"name":"Impressum"}]},{"@type":"WebSite","@id":"https:\/\/www.ktb-europe.com\/#website","url":"https:\/\/www.ktb-europe.com\/","name":"KTB Europa","description":"Suministros industriales y servicios comerciales en todo el mundo.","publisher":{"@id":"https:\/\/www.ktb-europe.com\/#organization"},"potentialAction":[{"@type":"SearchAction","target":{"@type":"EntryPoint","urlTemplate":"https:\/\/www.ktb-europe.com\/?s={search_term_string}"},"query-input":{"@type":"PropertyValueSpecification","valueRequired":true,"valueName":"search_term_string"}}],"inLanguage":"es"},{"@type":"Organization","@id":"https:\/\/www.ktb-europe.com\/#organization","name":"KTB Europe GmbH","url":"https:\/\/www.ktb-europe.com\/","logo":{"@type":"ImageObject","inLanguage":"es","@id":"https:\/\/www.ktb-europe.com\/#\/schema\/logo\/image\/","url":"https:\/\/www.ktb-europe.com\/wp-content\/uploads\/2022\/03\/logo-ktb.svg","contentUrl":"https:\/\/www.ktb-europe.com\/wp-content\/uploads\/2022\/03\/logo-ktb.svg","width":195,"height":59,"caption":"KTB Europe GmbH"},"image":{"@id":"https:\/\/www.ktb-europe.com\/#\/schema\/logo\/image\/"}}]}},"_links":{"self":[{"href":"https:\/\/www.ktb-europe.com\/es\/wp-json\/wp\/v2\/pages\/34","targetHints":{"allow":["GET"]}}],"collection":[{"href":"https:\/\/www.ktb-europe.com\/es\/wp-json\/wp\/v2\/pages"}],"about":[{"href":"https:\/\/www.ktb-europe.com\/es\/wp-json\/wp\/v2\/types\/page"}],"author":[{"embeddable":true,"href":"https:\/\/www.ktb-europe.com\/es\/wp-json\/wp\/v2\/users\/2"}],"replies":[{"embeddable":true,"href":"https:\/\/www.ktb-europe.com\/es\/wp-json\/wp\/v2\/comments?post=34"}],"version-history":[{"count":3,"href":"https:\/\/www.ktb-europe.com\/es\/wp-json\/wp\/v2\/pages\/34\/revisions"}],"predecessor-version":[{"id":79337,"href":"https:\/\/www.ktb-europe.com\/es\/wp-json\/wp\/v2\/pages\/34\/revisions\/79337"}],"wp:attachment":[{"href":"https:\/\/www.ktb-europe.com\/es\/wp-json\/wp\/v2\/media?parent=34"}],"curies":[{"name":"wp","href":"https:\/\/api.w.org\/{rel}","templated":true}]}}