{"id":8925,"date":"2026-01-27T13:25:04","date_gmt":"2026-01-27T13:25:04","guid":{"rendered":"https:\/\/www.ktb-europe.com\/?page_id=8925"},"modified":"2026-02-17T05:00:20","modified_gmt":"2026-02-17T05:00:20","slug":"fabricante","status":"publish","type":"page","link":"https:\/\/www.ktb-europe.com\/es\/hersteller\/","title":{"rendered":"Fabricante"},"content":{"rendered":"<div data-elementor-type=\"wp-page\" data-elementor-id=\"8925\" class=\"elementor elementor-8925\" data-elementor-post-type=\"page\">\n\t\t\t\t\t\t<section class=\"elementor-section elementor-top-section elementor-element elementor-element-afb2460 elementor-section-full_width elementor-section-height-min-height elementor-section-height-default elementor-section-items-middle\" data-id=\"afb2460\" data-element_type=\"section\" data-e-type=\"section\">\n\t\t\t\t\t\t\t<div class=\"elementor-background-overlay\"><\/div>\n\t\t\t\t\t\t\t<div class=\"elementor-container elementor-column-gap-default\">\n\t\t\t\t\t<div class=\"elementor-column elementor-col-100 elementor-top-column elementor-element elementor-element-a8a09ee\" data-id=\"a8a09ee\" data-element_type=\"column\" data-e-type=\"column\">\n\t\t\t<div class=\"elementor-widget-wrap elementor-element-populated\">\n\t\t\t\t\t\t<div class=\"elementor-element elementor-element-c95a523 elementor-widget elementor-widget-heading\" data-id=\"c95a523\" data-element_type=\"widget\" data-e-type=\"widget\" data-widget_type=\"heading.default\">\n\t\t\t\t<div class=\"elementor-widget-container\">\n\t\t\t\t\t<h2 class=\"elementor-heading-title elementor-size-default\">Fabricante<\/h2>\t\t\t\t<\/div>\n\t\t\t\t<\/div>\n\t\t\t\t<div class=\"elementor-element elementor-element-b5c5a12 elementor-widget__width-initial elementor-widget elementor-widget-heading\" data-id=\"b5c5a12\" data-element_type=\"widget\" data-e-type=\"widget\" data-widget_type=\"heading.default\">\n\t\t\t\t<div class=\"elementor-widget-container\">\n\t\t\t\t\t<p class=\"elementor-heading-title elementor-size-default\">\u00daltimas noticias sobre KTB, as\u00ed como consejos, trucos y datos interesantes sobre el comercio mundial de materias primas. <\/p>\t\t\t\t<\/div>\n\t\t\t\t<\/div>\n\t\t\t\t\t<\/div>\n\t\t<\/div>\n\t\t\t\t\t<\/div>\n\t\t<\/section>\n\t\t\t\t<section class=\"elementor-section elementor-top-section elementor-element elementor-element-170da5b elementor-section-full_width blogPosts elementor-section-height-default elementor-section-height-default\" data-id=\"170da5b\" data-element_type=\"section\" data-e-type=\"section\">\n\t\t\t\t\t\t<div class=\"elementor-container elementor-column-gap-default\">\n\t\t\t\t\t<div class=\"elementor-column elementor-col-100 elementor-top-column elementor-element elementor-element-7eb148a\" data-id=\"7eb148a\" data-element_type=\"column\" data-e-type=\"column\">\n\t\t\t<div class=\"elementor-widget-wrap elementor-element-populated\">\n\t\t\t\t\t\t<div class=\"elementor-element elementor-element-64aba40 elementor-widget elementor-widget-shortcode\" data-id=\"64aba40\" data-element_type=\"widget\" data-e-type=\"widget\" data-widget_type=\"shortcode.default\">\n\t\t\t\t<div class=\"elementor-widget-container\">\n\t\t\t\t\t\t\t<div class=\"elementor-shortcode\">        <div class=\"ktb-manufacturers-wrapper\"\n             style=\"--columns: 3\"\n             data-per-page=\"12\">\n\n            <div class=\"ktb-manufacturer-search-box-wraper\">\n                <div class=\"ktb-manufacturer-search-box ktb-products-search\">\n                    <input type=\"text\"\n                           id=\"ktb-manufacturers-search\"\n                           class=\"ktb-manufacturers-search-input\"\n                           placeholder=\"Hersteller suchen...\"\n                           autocomplete=\"off\">\n                    <button id=\"ktb-manufacturers-reset-btn\" style=\"display:none;\">\n                        <span class=\"line-one\"><\/span>\n                        <span class=\"line-two\"><\/span>\n                    <\/button>\n                <\/div>\n            <\/div>\n\n            <div id=\"ktb-manufacturers-results\" class=\"ktb-manufacturers-grid\">\n                <a href=\"https:\/\/www.ktb-europe.com\/es\/fabricante\/1684840\/\" class=\"ktb-manufacturer-card\"><div class=\"ktb-manufacturer-content\"><div class=\"ktb-manufacturer-content-head\"><h3 class=\"ktb-manufacturer-title\">1684840<\/h3><p class=\"ktb-manufacturer-desc\">1684840 es un punto de datos. Como fabricante, se utiliza el n\u00famero 1684840, sin que se disponga de m\u00e1s informaci\u00f3n....<\/p><\/div><span class=\"ktb-product-count\">1 Produkt<\/span><\/div><div class=\"ktb-letter-badge\">1<\/div><\/a>\n<a href=\"https:\/\/www.ktb-europe.com\/es\/fabricante\/2ei\/\" class=\"ktb-manufacturer-card\"><div class=\"ktb-manufacturer-content\"><div class=\"ktb-manufacturer-content-head\"><h3 class=\"ktb-manufacturer-title\">2EI<\/h3><p class=\"ktb-manufacturer-desc\">2EI es una empresa alemana especializada en la fabricaci\u00f3n de productos de goma. El enfoque est\u00e1 en el procesamiento t\u00e9cnico...<\/p><\/div><span class=\"ktb-product-count\">1 Produkt<\/span><\/div><div class=\"ktb-letter-badge\">2<\/div><\/a>\n<a href=\"https:\/\/www.ktb-europe.com\/es\/fabricante\/3-elite\/\" class=\"ktb-manufacturer-card\"><div class=\"ktb-manufacturer-content\"><div class=\"ktb-manufacturer-content-head\"><h3 class=\"ktb-manufacturer-title\">3 ELITE<\/h3><p class=\"ktb-manufacturer-desc\">3 ELITE ofrece soluciones en el \u00e1rea de soportes de bater\u00edas y accesorios para aplicaciones industriales y dispositivos electr\u00f3nicos. La...<\/p><\/div><span class=\"ktb-product-count\">3 Produkte<\/span><\/div><div class=\"ktb-letter-badge\">3<\/div><\/a>\n<a href=\"https:\/\/www.ktb-europe.com\/es\/fabricante\/3b-scientific\/\" class=\"ktb-manufacturer-card\"><div class=\"ktb-manufacturer-content\"><div class=\"ktb-manufacturer-content-head\"><h3 class=\"ktb-manufacturer-title\">3B Scientific<\/h3><p class=\"ktb-manufacturer-desc\">3B Scientific es un fabricante global de materiales educativos m\u00e9dicos y cient\u00edficos. El objetivo es mejorar la atenci\u00f3n m\u00e9dica en...<\/p><\/div><span class=\"ktb-product-count\">1 Produkt<\/span><\/div><div class=\"ktb-letter-badge\">3<\/div><\/a>\n<a href=\"https:\/\/www.ktb-europe.com\/es\/fabricante\/3e\/\" class=\"ktb-manufacturer-card\"><div class=\"ktb-manufacturer-content\"><div class=\"ktb-manufacturer-content-head\"><h3 class=\"ktb-manufacturer-title\">3E<\/h3><p class=\"ktb-manufacturer-desc\">3E SRL es un fabricante italiano de reguladores t\u00e9rmicos y sistemas de control para aplicaciones industriales con sede en Trezzano...<\/p><\/div><span class=\"ktb-product-count\">3 Produkte<\/span><\/div><div class=\"ktb-letter-badge\">3<\/div><\/a>\n<a href=\"https:\/\/www.ktb-europe.com\/es\/fabricante\/3f-filippi\/\" class=\"ktb-manufacturer-card\"><div class=\"ktb-manufacturer-content\"><div class=\"ktb-manufacturer-content-head\"><h3 class=\"ktb-manufacturer-title\">3F FILIPPI<\/h3><p class=\"ktb-manufacturer-desc\">3F FILIPPI se especializa en el desarrollo y la fabricaci\u00f3n de componentes para la electrotecnia y la transmisi\u00f3n de energ\u00eda....<\/p><\/div><span class=\"ktb-product-count\">1 Produkt<\/span><\/div><div class=\"ktb-letter-badge\">3<\/div><\/a>\n<a href=\"https:\/\/www.ktb-europe.com\/es\/fabricante\/3m\/\" class=\"ktb-manufacturer-card\"><div class=\"ktb-manufacturer-content\"><div class=\"ktb-manufacturer-content-head\"><h3 class=\"ktb-manufacturer-title\">3M<\/h3><p class=\"ktb-manufacturer-desc\">3M es una empresa tecnol\u00f3gica global que desarrolla productos innovadores. Especializada en adhesivos, abrasivos y equipos de protecci\u00f3n personal. Fundada...<\/p><\/div><span class=\"ktb-product-count\">57 Produkte<\/span><\/div><div class=\"ktb-letter-badge\">3<\/div><\/a>\n<a href=\"https:\/\/www.ktb-europe.com\/es\/fabricante\/600-maquinas\/\" class=\"ktb-manufacturer-card\"><div class=\"ktb-manufacturer-content\"><div class=\"ktb-manufacturer-content-head\"><h3 class=\"ktb-manufacturer-title\">600 MACHINERY<\/h3><p class=\"ktb-manufacturer-desc\">600 MACHINERY es un fabricante especializado en soluciones de pantallas t\u00e1ctiles industriales y repuestos. La empresa ofrece una amplia gama...<\/p><\/div><span class=\"ktb-product-count\">1 Produkt<\/span><\/div><div class=\"ktb-letter-badge\">6<\/div><\/a>\n<a href=\"https:\/\/www.ktb-europe.com\/es\/fabricante\/601-maquinaria\/\" class=\"ktb-manufacturer-card\"><div class=\"ktb-manufacturer-content\"><div class=\"ktb-manufacturer-content-head\"><h3 class=\"ktb-manufacturer-title\">601 MACHINERY<\/h3><p class=\"ktb-manufacturer-desc\">601 MACHINERY fue fundada en 1968 y se especializa en la fabricaci\u00f3n de m\u00e1quinas y piezas de repuesto para la...<\/p><\/div><span class=\"ktb-product-count\">1 Produkt<\/span><\/div><div class=\"ktb-letter-badge\">6<\/div><\/a>\n<a href=\"https:\/\/www.ktb-europe.com\/es\/fabricante\/602-maquinas\/\" class=\"ktb-manufacturer-card\"><div class=\"ktb-manufacturer-content\"><div class=\"ktb-manufacturer-content-head\"><h3 class=\"ktb-manufacturer-title\">602 MACHINERY<\/h3><p class=\"ktb-manufacturer-desc\">602 MACHINERY es un proveedor de piezas de repuesto para diferentes tipos de m\u00e1quinas. Enfocado en piezas de precisi\u00f3n y...<\/p><\/div><span class=\"ktb-product-count\">1 Produkt<\/span><\/div><div class=\"ktb-letter-badge\">6<\/div><\/a>\n<a href=\"https:\/\/www.ktb-europe.com\/es\/fabricante\/603-maquinas\/\" class=\"ktb-manufacturer-card\"><div class=\"ktb-manufacturer-content\"><div class=\"ktb-manufacturer-content-head\"><h3 class=\"ktb-manufacturer-title\">603 MACHINERY<\/h3><p class=\"ktb-manufacturer-desc\">603 Machinery ofrece piezas de precisi\u00f3n. Enfoque en aplicaciones industriales. Repuestos y componentes para m\u00e1quinas.<\/p><\/div><span class=\"ktb-product-count\">1 Produkt<\/span><\/div><div class=\"ktb-letter-badge\">6<\/div><\/a>\n<a href=\"https:\/\/www.ktb-europe.com\/es\/fabricante\/604-maquinas\/\" class=\"ktb-manufacturer-card\"><div class=\"ktb-manufacturer-content\"><div class=\"ktb-manufacturer-content-head\"><h3 class=\"ktb-manufacturer-title\">604 MACHINERY<\/h3><p class=\"ktb-manufacturer-desc\">604 MACHINERY se centra en la fabricaci\u00f3n de m\u00e1quinas y suministra componentes para la industria manufacturera. La empresa ofrece una...<\/p><\/div><span class=\"ktb-product-count\">1 Produkt<\/span><\/div><div class=\"ktb-letter-badge\">6<\/div><\/a>\n            <\/div>\n\n            <!-- Skeleton Template -->\n            <template id=\"ktb-manufacturer-skeleton\">\n                <a href=\"#\" class=\"ktb-manufacturer-card skeleton\">\n                    <div class=\"ktb-manufacturer-content\">\n                        <div class=\"ktb-manufacturer-content-head\">\n                            <h3 class=\"ktb-manufacturer-title skeleton-line\" style=\"width:80%;\"><\/h3>\n                            <div class=\"ktb-manufacturer-desc\">\n                                <div class=\"ktb-manufacturer-desc-text skeleton-line\" style=\"width:82%;\"><\/div>\n                                <div class=\"ktb-manufacturer-desc-text skeleton-line\" style=\"width:65%;\"><\/div>\n                                <div class=\"ktb-manufacturer-desc-text skeleton-line\" style=\"width:72%;\"><\/div>\n                            <\/div>\n                        <\/div>\n                        <span class=\"ktb-product-count skeleton-line\" style=\"width:100px; border-radius:20px;\"><\/span>\n                    <\/div>\n                    <div class=\"ktb-letter-badge skeleton-circle\"><\/div>\n                <\/a>\n            <\/template>\n\n            <div id=\"ktb-manufacturers-pagination\" class=\"ktb-manufacturer-pagination\">\n                <div class=\"ktb-manufacturer-pagination\"><div class=\"ktb-pagination-links\"><a class=\"prev page-numbers disabled\" href=\"#\" data-page=\"1\"><i aria-hidden=\"true\" class=\"icon icon-arrow-left\"><\/i><\/a><a class=\"page-numbers current\" href=\"#\" data-page=\"1\">1<\/a><a class=\"page-numbers\" href=\"#\" data-page=\"2\">2<\/a><a class=\"page-numbers\" href=\"#\" data-page=\"3\">3<\/a><a class=\"page-numbers\" href=\"#\" data-page=\"4\">4<\/a><span class=\"page-numbers dots\">\u2026<\/span><a class=\"page-numbers\" href=\"#\" data-page=\"470\">470<\/a><a class=\"next page-numbers\" href=\"#\" data-page=\"2\"><i aria-hidden=\"true\" class=\"icon icon-arrow-right\"><\/i><\/a><\/div><\/div>            <\/div>\n\n        <\/div>\n        <\/div>\n\t\t\t\t\t\t<\/div>\n\t\t\t\t<\/div>\n\t\t\t\t\t<\/div>\n\t\t<\/div>\n\t\t\t\t\t<\/div>\n\t\t<\/section>\n\t\t\t\t<\/div>","protected":false},"excerpt":{"rendered":"<p>\u00daltimas noticias sobre KTB, as\u00ed como consejos, trucos y datos interesantes sobre el comercio mundial de materias primas.<\/p>","protected":false},"author":2,"featured_media":0,"parent":0,"menu_order":0,"comment_status":"closed","ping_status":"closed","template":"elementor_header_footer","meta":{"_acf_changed":false,"footnotes":""},"class_list":["post-8925","page","type-page","status-publish","hentry"],"acf":[],"yoast_head":"<!-- This site is optimized with the Yoast SEO plugin v27.6 - https:\/\/yoast.com\/product\/yoast-seo-wordpress\/ -->\n<title>Hersteller - KTB Europe<\/title>\n<meta name=\"robots\" content=\"index, follow, max-snippet:-1, max-image-preview:large, max-video-preview:-1\" \/>\n<link rel=\"canonical\" href=\"https:\/\/www.ktb-europe.com\/es\/fabricante\/\" \/>\n<meta property=\"og:locale\" content=\"es_ES\" \/>\n<meta property=\"og:type\" content=\"article\" \/>\n<meta property=\"og:title\" content=\"Hersteller - KTB Europe\" \/>\n<meta property=\"og:description\" content=\"Aktuelle Neuigkeiten \u00fcber KTB, sowie Tipps, Tricks und Wissenswertes \u00fcber den weltweiten Warenhandel.\" \/>\n<meta property=\"og:url\" content=\"https:\/\/www.ktb-europe.com\/es\/fabricante\/\" \/>\n<meta property=\"og:site_name\" content=\"KTB Europe\" \/>\n<meta property=\"article:modified_time\" content=\"2026-02-17T05:00:20+00:00\" \/>\n<meta name=\"twitter:card\" content=\"summary_large_image\" \/>\n<meta name=\"twitter:label1\" content=\"Tiempo de lectura\" \/>\n\t<meta name=\"twitter:data1\" content=\"1 minuto\" \/>\n<script type=\"application\/ld+json\" class=\"yoast-schema-graph\">{\"@context\":\"https:\\\/\\\/schema.org\",\"@graph\":[{\"@type\":\"WebPage\",\"@id\":\"https:\\\/\\\/www.ktb-europe.com\\\/es\\\/fabricante\\\/\",\"url\":\"https:\\\/\\\/www.ktb-europe.com\\\/es\\\/fabricante\\\/\",\"name\":\"Hersteller - KTB Europe\",\"isPartOf\":{\"@id\":\"https:\\\/\\\/www.ktb-europe.com\\\/#website\"},\"datePublished\":\"2026-01-27T13:25:04+00:00\",\"dateModified\":\"2026-02-17T05:00:20+00:00\",\"breadcrumb\":{\"@id\":\"https:\\\/\\\/www.ktb-europe.com\\\/es\\\/fabricante\\\/#breadcrumb\"},\"inLanguage\":\"es\",\"potentialAction\":[{\"@type\":\"ReadAction\",\"target\":[\"https:\\\/\\\/www.ktb-europe.com\\\/es\\\/fabricante\\\/\"]}]},{\"@type\":\"BreadcrumbList\",\"@id\":\"https:\\\/\\\/www.ktb-europe.com\\\/es\\\/fabricante\\\/#breadcrumb\",\"itemListElement\":[{\"@type\":\"ListItem\",\"position\":1,\"name\":\"Home\",\"item\":\"https:\\\/\\\/www.ktb-europe.com\\\/\"},{\"@type\":\"ListItem\",\"position\":2,\"name\":\"Hersteller\"}]},{\"@type\":\"WebSite\",\"@id\":\"https:\\\/\\\/www.ktb-europe.com\\\/#website\",\"url\":\"https:\\\/\\\/www.ktb-europe.com\\\/\",\"name\":\"KTB Europe\",\"description\":\"Industrial supplies and worldwide trading services.\",\"publisher\":{\"@id\":\"https:\\\/\\\/www.ktb-europe.com\\\/#organization\"},\"potentialAction\":[{\"@type\":\"SearchAction\",\"target\":{\"@type\":\"EntryPoint\",\"urlTemplate\":\"https:\\\/\\\/www.ktb-europe.com\\\/?s={search_term_string}\"},\"query-input\":{\"@type\":\"PropertyValueSpecification\",\"valueRequired\":true,\"valueName\":\"search_term_string\"}}],\"inLanguage\":\"es\"},{\"@type\":\"Organization\",\"@id\":\"https:\\\/\\\/www.ktb-europe.com\\\/#organization\",\"name\":\"KTB Europe GmbH\",\"url\":\"https:\\\/\\\/www.ktb-europe.com\\\/\",\"logo\":{\"@type\":\"ImageObject\",\"inLanguage\":\"es\",\"@id\":\"https:\\\/\\\/www.ktb-europe.com\\\/#\\\/schema\\\/logo\\\/image\\\/\",\"url\":\"https:\\\/\\\/www.ktb-europe.com\\\/wp-content\\\/uploads\\\/2022\\\/03\\\/logo-ktb.svg\",\"contentUrl\":\"https:\\\/\\\/www.ktb-europe.com\\\/wp-content\\\/uploads\\\/2022\\\/03\\\/logo-ktb.svg\",\"width\":195,\"height\":59,\"caption\":\"KTB Europe GmbH\"},\"image\":{\"@id\":\"https:\\\/\\\/www.ktb-europe.com\\\/#\\\/schema\\\/logo\\\/image\\\/\"}}]}<\/script>\n<!-- \/ Yoast SEO plugin. -->","yoast_head_json":{"title":"Fabricante - KTB Europe","robots":{"index":"index","follow":"follow","max-snippet":"max-snippet:-1","max-image-preview":"max-image-preview:large","max-video-preview":"max-video-preview:-1"},"canonical":"https:\/\/www.ktb-europe.com\/es\/fabricante\/","og_locale":"es_ES","og_type":"article","og_title":"Hersteller - KTB Europe","og_description":"Aktuelle Neuigkeiten \u00fcber KTB, sowie Tipps, Tricks und Wissenswertes \u00fcber den weltweiten Warenhandel.","og_url":"https:\/\/www.ktb-europe.com\/es\/fabricante\/","og_site_name":"KTB Europe","article_modified_time":"2026-02-17T05:00:20+00:00","twitter_card":"summary_large_image","twitter_misc":{"Tiempo de lectura":"1 minuto"},"schema":{"@context":"https:\/\/schema.org","@graph":[{"@type":"WebPage","@id":"https:\/\/www.ktb-europe.com\/es\/fabricante\/","url":"https:\/\/www.ktb-europe.com\/es\/fabricante\/","name":"Fabricante - KTB Europe","isPartOf":{"@id":"https:\/\/www.ktb-europe.com\/#website"},"datePublished":"2026-01-27T13:25:04+00:00","dateModified":"2026-02-17T05:00:20+00:00","breadcrumb":{"@id":"https:\/\/www.ktb-europe.com\/es\/fabricante\/#breadcrumb"},"inLanguage":"es","potentialAction":[{"@type":"ReadAction","target":["https:\/\/www.ktb-europe.com\/es\/fabricante\/"]}]},{"@type":"BreadcrumbList","@id":"https:\/\/www.ktb-europe.com\/es\/fabricante\/#breadcrumb","itemListElement":[{"@type":"ListItem","position":1,"name":"Home","item":"https:\/\/www.ktb-europe.com\/"},{"@type":"ListItem","position":2,"name":"Hersteller"}]},{"@type":"WebSite","@id":"https:\/\/www.ktb-europe.com\/#website","url":"https:\/\/www.ktb-europe.com\/","name":"KTB Europa","description":"Suministros industriales y servicios comerciales en todo el mundo.","publisher":{"@id":"https:\/\/www.ktb-europe.com\/#organization"},"potentialAction":[{"@type":"SearchAction","target":{"@type":"EntryPoint","urlTemplate":"https:\/\/www.ktb-europe.com\/?s={search_term_string}"},"query-input":{"@type":"PropertyValueSpecification","valueRequired":true,"valueName":"search_term_string"}}],"inLanguage":"es"},{"@type":"Organization","@id":"https:\/\/www.ktb-europe.com\/#organization","name":"KTB Europe GmbH","url":"https:\/\/www.ktb-europe.com\/","logo":{"@type":"ImageObject","inLanguage":"es","@id":"https:\/\/www.ktb-europe.com\/#\/schema\/logo\/image\/","url":"https:\/\/www.ktb-europe.com\/wp-content\/uploads\/2022\/03\/logo-ktb.svg","contentUrl":"https:\/\/www.ktb-europe.com\/wp-content\/uploads\/2022\/03\/logo-ktb.svg","width":195,"height":59,"caption":"KTB Europe GmbH"},"image":{"@id":"https:\/\/www.ktb-europe.com\/#\/schema\/logo\/image\/"}}]}},"_links":{"self":[{"href":"https:\/\/www.ktb-europe.com\/es\/wp-json\/wp\/v2\/pages\/8925","targetHints":{"allow":["GET"]}}],"collection":[{"href":"https:\/\/www.ktb-europe.com\/es\/wp-json\/wp\/v2\/pages"}],"about":[{"href":"https:\/\/www.ktb-europe.com\/es\/wp-json\/wp\/v2\/types\/page"}],"author":[{"embeddable":true,"href":"https:\/\/www.ktb-europe.com\/es\/wp-json\/wp\/v2\/users\/2"}],"replies":[{"embeddable":true,"href":"https:\/\/www.ktb-europe.com\/es\/wp-json\/wp\/v2\/comments?post=8925"}],"version-history":[{"count":0,"href":"https:\/\/www.ktb-europe.com\/es\/wp-json\/wp\/v2\/pages\/8925\/revisions"}],"wp:attachment":[{"href":"https:\/\/www.ktb-europe.com\/es\/wp-json\/wp\/v2\/media?parent=8925"}],"curies":[{"name":"wp","href":"https:\/\/api.w.org\/{rel}","templated":true}]}}