{"id":34,"date":"2022-02-21T06:57:03","date_gmt":"2022-02-21T06:57:03","guid":{"rendered":"https:\/\/www.ktb-europe.com\/?page_id=34"},"modified":"2026-03-19T10:15:29","modified_gmt":"2026-03-19T10:15:29","slug":"impressao","status":"publish","type":"page","link":"https:\/\/www.ktb-europe.com\/pt\/imprint\/","title":{"rendered":"Impress\u00e3o"},"content":{"rendered":"<div data-elementor-type=\"wp-page\" data-elementor-id=\"34\" class=\"elementor elementor-34\" data-elementor-post-type=\"page\">\n\t\t\t\t\t\t<section class=\"elementor-section elementor-top-section elementor-element elementor-element-705dddb elementor-section-full_width elementor-section-height-min-height elementor-section-height-default elementor-section-items-middle\" data-id=\"705dddb\" data-element_type=\"section\" data-e-type=\"section\">\n\t\t\t\t\t\t\t<div class=\"elementor-background-overlay\"><\/div>\n\t\t\t\t\t\t\t<div class=\"elementor-container elementor-column-gap-default\">\n\t\t\t\t\t<div class=\"elementor-column elementor-col-100 elementor-top-column elementor-element elementor-element-51d489c\" data-id=\"51d489c\" data-element_type=\"column\" data-e-type=\"column\">\n\t\t\t<div class=\"elementor-widget-wrap elementor-element-populated\">\n\t\t\t\t\t\t<div class=\"elementor-element elementor-element-f4cec1a elementor-widget elementor-widget-heading\" data-id=\"f4cec1a\" data-element_type=\"widget\" data-e-type=\"widget\" data-widget_type=\"heading.default\">\n\t\t\t\t<div class=\"elementor-widget-container\">\n\t\t\t\t\t<h2 class=\"elementor-heading-title elementor-size-default\">Impress\u00e3o <\/h2>\t\t\t\t<\/div>\n\t\t\t\t<\/div>\n\t\t\t\t<div class=\"elementor-element elementor-element-71276da elementor-widget__width-initial elementor-widget elementor-widget-heading\" data-id=\"71276da\" data-element_type=\"widget\" data-e-type=\"widget\" data-widget_type=\"heading.default\">\n\t\t\t\t<div class=\"elementor-widget-container\">\n\t\t\t\t\t<p class=\"elementor-heading-title elementor-size-default\">Respons\u00e1vel pelo conte\u00fado de acordo com o \u00a7 55 Abs. 2 RStV, bem como o \u00a7 5 DDG.<\/p>\t\t\t\t<\/div>\n\t\t\t\t<\/div>\n\t\t\t\t\t<\/div>\n\t\t<\/div>\n\t\t\t\t\t<\/div>\n\t\t<\/section>\n\t\t\t\t<section class=\"elementor-section elementor-top-section elementor-element elementor-element-8a5aa14 elementor-section-full_width elementor-section-height-default elementor-section-height-default\" data-id=\"8a5aa14\" data-element_type=\"section\" data-e-type=\"section\">\n\t\t\t\t\t\t<div class=\"elementor-container elementor-column-gap-default\">\n\t\t\t\t\t<div class=\"elementor-column elementor-col-50 elementor-top-column elementor-element elementor-element-8c2928b\" data-id=\"8c2928b\" data-element_type=\"column\" data-e-type=\"column\">\n\t\t\t<div class=\"elementor-widget-wrap elementor-element-populated\">\n\t\t\t\t\t\t<div class=\"elementor-element elementor-element-ad7e2f5 elementor-widget elementor-widget-heading\" data-id=\"ad7e2f5\" data-element_type=\"widget\" data-e-type=\"widget\" data-widget_type=\"heading.default\">\n\t\t\t\t<div class=\"elementor-widget-container\">\n\t\t\t\t\t<h3 class=\"elementor-heading-title elementor-size-default\"><span style=\"font-family: Roboto;font-size: 16.8px;white-space: normal\">KTB Importa\u00e7\u00e3o-Exporta\u00e7\u00e3o<\/span><br style=\"font-family: Roboto;font-size: 16.8px;white-space: normal\"><span style=\"font-family: Roboto;font-size: 16.8px;white-space: normal\">Handelsgesellschaft mbH &amp; Co. KG<\/span><\/h3>\t\t\t\t<\/div>\n\t\t\t\t<\/div>\n\t\t\t\t<section class=\"elementor-section elementor-inner-section elementor-element elementor-element-584e46f elementor-section-boxed elementor-section-height-default elementor-section-height-default\" data-id=\"584e46f\" data-element_type=\"section\" data-e-type=\"section\">\n\t\t\t\t\t\t<div class=\"elementor-container elementor-column-gap-default\">\n\t\t\t\t\t<div class=\"elementor-column elementor-col-50 elementor-inner-column elementor-element elementor-element-5bb4e55\" data-id=\"5bb4e55\" data-element_type=\"column\" data-e-type=\"column\">\n\t\t\t<div class=\"elementor-widget-wrap elementor-element-populated\">\n\t\t\t\t\t\t<div class=\"elementor-element elementor-element-16b9882 elementor-widget elementor-widget-heading\" data-id=\"16b9882\" data-element_type=\"widget\" data-e-type=\"widget\" data-widget_type=\"heading.default\">\n\t\t\t\t<div class=\"elementor-widget-container\">\n\t\t\t\t\t<p class=\"elementor-heading-title elementor-size-default\">Gro\u00dfmoorring 9<br>\n21079 Hamburgo<br>\nAlemanha<\/p>\t\t\t\t<\/div>\n\t\t\t\t<\/div>\n\t\t\t\t<div class=\"elementor-element elementor-element-4838bfe elementor-widget elementor-widget-heading\" data-id=\"4838bfe\" data-element_type=\"widget\" data-e-type=\"widget\" data-widget_type=\"heading.default\">\n\t\t\t\t<div class=\"elementor-widget-container\">\n\t\t\t\t\t<h2 class=\"elementor-heading-title elementor-size-default\">Tel: <\/h2>\t\t\t\t<\/div>\n\t\t\t\t<\/div>\n\t\t\t\t<div class=\"elementor-element elementor-element-6f25d51 elementor-widget elementor-widget-heading\" data-id=\"6f25d51\" data-element_type=\"widget\" data-e-type=\"widget\" data-widget_type=\"heading.default\">\n\t\t\t\t<div class=\"elementor-widget-container\">\n\t\t\t\t\t<h2 class=\"elementor-heading-title elementor-size-default\">+49 40 766189 0<\/h2>\t\t\t\t<\/div>\n\t\t\t\t<\/div>\n\t\t\t\t<div class=\"elementor-element elementor-element-2b9da81 elementor-widget elementor-widget-heading\" data-id=\"2b9da81\" data-element_type=\"widget\" data-e-type=\"widget\" data-widget_type=\"heading.default\">\n\t\t\t\t<div class=\"elementor-widget-container\">\n\t\t\t\t\t<h2 class=\"elementor-heading-title elementor-size-default\">Fax:<\/h2>\t\t\t\t<\/div>\n\t\t\t\t<\/div>\n\t\t\t\t<div class=\"elementor-element elementor-element-77b8ee6 elementor-widget elementor-widget-heading\" data-id=\"77b8ee6\" data-element_type=\"widget\" data-e-type=\"widget\" data-widget_type=\"heading.default\">\n\t\t\t\t<div class=\"elementor-widget-container\">\n\t\t\t\t\t<h2 class=\"elementor-heading-title elementor-size-default\">+49 40 766189 25<\/h2>\t\t\t\t<\/div>\n\t\t\t\t<\/div>\n\t\t\t\t<div class=\"elementor-element elementor-element-ac9189e elementor-widget elementor-widget-heading\" data-id=\"ac9189e\" data-element_type=\"widget\" data-e-type=\"widget\" data-widget_type=\"heading.default\">\n\t\t\t\t<div class=\"elementor-widget-container\">\n\t\t\t\t\t<h2 class=\"elementor-heading-title elementor-size-default\">correio eletr\u00f3nico:<\/h2>\t\t\t\t<\/div>\n\t\t\t\t<\/div>\n\t\t\t\t<div class=\"elementor-element elementor-element-12fea59 elementor-widget__width-auto elementor-widget elementor-widget-button\" data-id=\"12fea59\" data-element_type=\"widget\" data-e-type=\"widget\" data-widget_type=\"button.default\">\n\t\t\t\t<div class=\"elementor-widget-container\">\n\t\t\t\t\t\t\t\t\t<div class=\"elementor-button-wrapper\">\n\t\t\t\t\t<a class=\"elementor-button elementor-button-link elementor-size-sm\" href=\"mailto:ktb@ktb-europe.com\">\n\t\t\t\t\t\t<span class=\"elementor-button-content-wrapper\">\n\t\t\t\t\t\t\t\t\t<span class=\"elementor-button-text\">ktb@ktb-europe.com<\/span>\n\t\t\t\t\t<\/span>\n\t\t\t\t\t<\/a>\n\t\t\t\t<\/div>\n\t\t\t\t\t\t\t\t<\/div>\n\t\t\t\t<\/div>\n\t\t\t\t<div class=\"elementor-element elementor-element-628db9b elementor-widget elementor-widget-heading\" data-id=\"628db9b\" data-element_type=\"widget\" data-e-type=\"widget\" data-widget_type=\"heading.default\">\n\t\t\t\t<div class=\"elementor-widget-container\">\n\t\t\t\t\t<h2 class=\"elementor-heading-title elementor-size-default\">Web:<\/h2>\t\t\t\t<\/div>\n\t\t\t\t<\/div>\n\t\t\t\t<div class=\"elementor-element elementor-element-2c8774b elementor-widget__width-auto elementor-widget elementor-widget-button\" data-id=\"2c8774b\" data-element_type=\"widget\" data-e-type=\"widget\" data-widget_type=\"button.default\">\n\t\t\t\t<div class=\"elementor-widget-container\">\n\t\t\t\t\t\t\t\t\t<div class=\"elementor-button-wrapper\">\n\t\t\t\t\t<a class=\"elementor-button elementor-button-link elementor-size-sm\" href=\"http:\/\/www.ktb-europe.com\/pt\/\">\n\t\t\t\t\t\t<span class=\"elementor-button-content-wrapper\">\n\t\t\t\t\t\t\t\t\t<span class=\"elementor-button-text\">www.ktb-europe.com<\/span>\n\t\t\t\t\t<\/span>\n\t\t\t\t\t<\/a>\n\t\t\t\t<\/div>\n\t\t\t\t\t\t\t\t<\/div>\n\t\t\t\t<\/div>\n\t\t\t\t\t<\/div>\n\t\t<\/div>\n\t\t\t\t<div class=\"elementor-column elementor-col-50 elementor-inner-column elementor-element elementor-element-e8ce5d4\" data-id=\"e8ce5d4\" data-element_type=\"column\" data-e-type=\"column\">\n\t\t\t<div class=\"elementor-widget-wrap elementor-element-populated\">\n\t\t\t\t\t\t<div class=\"elementor-element elementor-element-43be5d0 elementor-widget elementor-widget-heading\" data-id=\"43be5d0\" data-element_type=\"widget\" data-e-type=\"widget\" data-widget_type=\"heading.default\">\n\t\t\t\t<div class=\"elementor-widget-container\">\n\t\t\t\t\t<h2 class=\"elementor-heading-title elementor-size-default\">Diretor-geral:<\/h2>\t\t\t\t<\/div>\n\t\t\t\t<\/div>\n\t\t\t\t<div class=\"elementor-element elementor-element-09ef054 elementor-widget elementor-widget-heading\" data-id=\"09ef054\" data-element_type=\"widget\" data-e-type=\"widget\" data-widget_type=\"heading.default\">\n\t\t\t\t<div class=\"elementor-widget-container\">\n\t\t\t\t\t<h2 class=\"elementor-heading-title elementor-size-default\">Lars Kitzinger, Ruven Lehky<\/h2>\t\t\t\t<\/div>\n\t\t\t\t<\/div>\n\t\t\t\t<div class=\"elementor-element elementor-element-89f5438 elementor-widget elementor-widget-heading\" data-id=\"89f5438\" data-element_type=\"widget\" data-e-type=\"widget\" data-widget_type=\"heading.default\">\n\t\t\t\t<div class=\"elementor-widget-container\">\n\t\t\t\t\t<h2 class=\"elementor-heading-title elementor-size-default\">Respons\u00e1vel pelo conte\u00fado<\/h2>\t\t\t\t<\/div>\n\t\t\t\t<\/div>\n\t\t\t\t<div class=\"elementor-element elementor-element-4b6990a elementor-widget elementor-widget-heading\" data-id=\"4b6990a\" data-element_type=\"widget\" data-e-type=\"widget\" data-widget_type=\"heading.default\">\n\t\t\t\t<div class=\"elementor-widget-container\">\n\t\t\t\t\t<h2 class=\"elementor-heading-title elementor-size-default\">Lars Kitzinger<\/h2>\t\t\t\t<\/div>\n\t\t\t\t<\/div>\n\t\t\t\t<div class=\"elementor-element elementor-element-8554e54 elementor-widget elementor-widget-heading\" data-id=\"8554e54\" data-element_type=\"widget\" data-e-type=\"widget\" data-widget_type=\"heading.default\">\n\t\t\t\t<div class=\"elementor-widget-container\">\n\t\t\t\t\t<h2 class=\"elementor-heading-title elementor-size-default\">N\u00daMERO DE IDENTIFICA\u00c7\u00c3O FISCAL (IVA):<\/h2>\t\t\t\t<\/div>\n\t\t\t\t<\/div>\n\t\t\t\t<div class=\"elementor-element elementor-element-923c881 elementor-widget elementor-widget-heading\" data-id=\"923c881\" data-element_type=\"widget\" data-e-type=\"widget\" data-widget_type=\"heading.default\">\n\t\t\t\t<div class=\"elementor-widget-container\">\n\t\t\t\t\t<h2 class=\"elementor-heading-title elementor-size-default\">PT 118859311<\/h2>\t\t\t\t<\/div>\n\t\t\t\t<\/div>\n\t\t\t\t<div class=\"elementor-element elementor-element-95cfff0 elementor-widget elementor-widget-heading\" data-id=\"95cfff0\" data-element_type=\"widget\" data-e-type=\"widget\" data-widget_type=\"heading.default\">\n\t\t\t\t<div class=\"elementor-widget-container\">\n\t\t\t\t\t<h2 class=\"elementor-heading-title elementor-size-default\">Formul\u00e1rio da empresa:<\/h2>\t\t\t\t<\/div>\n\t\t\t\t<\/div>\n\t\t\t\t<div class=\"elementor-element elementor-element-1db44c3 elementor-widget elementor-widget-heading\" data-id=\"1db44c3\" data-element_type=\"widget\" data-e-type=\"widget\" data-widget_type=\"heading.default\">\n\t\t\t\t<div class=\"elementor-widget-container\">\n\t\t\t\t\t<p class=\"elementor-heading-title elementor-size-default\">Sociedade em comandita simples, sede social em Hamburgo<br>\nTribunal local de Hamburgo HRA 74400<br><br>\n<\/p>\t\t\t\t<\/div>\n\t\t\t\t<\/div>\n\t\t\t\t<div class=\"elementor-element elementor-element-8e98e59 elementor-widget elementor-widget-heading\" data-id=\"8e98e59\" data-element_type=\"widget\" data-e-type=\"widget\" data-widget_type=\"heading.default\">\n\t\t\t\t<div class=\"elementor-widget-container\">\n\t\t\t\t\t<h2 class=\"elementor-heading-title elementor-size-default\">S\u00f3cio pessoalmente respons\u00e1vel:<\/h2>\t\t\t\t<\/div>\n\t\t\t\t<\/div>\n\t\t\t\t<div class=\"elementor-element elementor-element-865aacc elementor-widget elementor-widget-heading\" data-id=\"865aacc\" data-element_type=\"widget\" data-e-type=\"widget\" data-widget_type=\"heading.default\">\n\t\t\t\t<div class=\"elementor-widget-container\">\n\t\t\t\t\t<p class=\"elementor-heading-title elementor-size-default\">Sociedade gestora de participa\u00e7\u00f5es sociais\nKTB Importa\u00e7\u00e3o e Exporta\u00e7\u00e3o mbH<br>\nSede social Hamburgo, Tribunal local de Hamburgo HRB 18348<br>\nLocal de jurisdi\u00e7\u00e3o Hamburgo<\/p>\t\t\t\t<\/div>\n\t\t\t\t<\/div>\n\t\t\t\t<div class=\"elementor-element elementor-element-3f752f6 elementor-widget elementor-widget-heading\" data-id=\"3f752f6\" data-element_type=\"widget\" data-e-type=\"widget\" data-widget_type=\"heading.default\">\n\t\t\t\t<div class=\"elementor-widget-container\">\n\t\t\t\t\t<h2 class=\"elementor-heading-title elementor-size-default\">Cube Media | Ag\u00eancia digital para TI, web design, desenvolvimento de software e otimiza\u00e7\u00e3o de motores de busca (SEO):<\/h2>\t\t\t\t<\/div>\n\t\t\t\t<\/div>\n\t\t\t\t<div class=\"elementor-element elementor-element-1f514cd elementor-widget elementor-widget-heading\" data-id=\"1f514cd\" data-element_type=\"widget\" data-e-type=\"widget\" data-widget_type=\"heading.default\">\n\t\t\t\t<div class=\"elementor-widget-container\">\n\t\t\t\t\t<h3 class=\"elementor-heading-title elementor-size-default\"><a href=\"https:\/\/www.cubemedia.de\" target=\"_blank\">www.cubemedia.de<\/a><\/h3>\t\t\t\t<\/div>\n\t\t\t\t<\/div>\n\t\t\t\t\t<\/div>\n\t\t<\/div>\n\t\t\t\t\t<\/div>\n\t\t<\/section>\n\t\t\t\t\t<\/div>\n\t\t<\/div>\n\t\t\t\t<div class=\"elementor-column elementor-col-50 elementor-top-column elementor-element elementor-element-adca3f1\" data-id=\"adca3f1\" data-element_type=\"column\" data-e-type=\"column\">\n\t\t\t<div class=\"elementor-widget-wrap elementor-element-populated\">\n\t\t\t\t\t\t<div class=\"elementor-element elementor-element-7ff57bd elementor-widget elementor-widget-text-editor\" data-id=\"7ff57bd\" data-element_type=\"widget\" data-e-type=\"widget\" data-widget_type=\"text-editor.default\">\n\t\t\t\t<div class=\"elementor-widget-container\">\n\t\t\t\t\t\t\t\t\t<p><strong>Procedimento de resolu\u00e7\u00e3o de lit\u00edgios:<\/strong><br \/>N\u00e3o participamos em processos de resolu\u00e7\u00e3o de lit\u00edgios perante uma comiss\u00e3o de arbitragem de consumidores e n\u00e3o somos obrigados a faz\u00ea-lo.<\/p><p><b>Conce\u00e7\u00e3o e desenvolvimento Web:<\/b><br \/>A conce\u00e7\u00e3o e a realiza\u00e7\u00e3o t\u00e9cnica deste s\u00edtio Web foram asseguradas por <a href=\"https:\/\/www.cubemedia.de\" target=\"_blank\" rel=\"noopener\">Cube Media GmbH<\/a> - Ag\u00eancia de <a href=\"https:\/\/www.drawingart.de\" target=\"_blank\" rel=\"noopener\">Conce\u00e7\u00e3o Web<\/a>, <a href=\"https:\/\/www.cubemedia.de\" target=\"_blank\" rel=\"noopener\">Programa\u00e7\u00e3o<\/a>, <a href=\"https:\/\/www.cubemedia.de\/leistungen\/programmierung\/\" target=\"_blank\" rel=\"noopener\">Desenvolvimento de software<\/a> e <a href=\"https:\/\/www.seo.organic\/\" target=\"_blank\" rel=\"noopener\">Otimiza\u00e7\u00e3o de motores de busca<\/a>.<\/p><p><b>Material de imagem:<\/b><br \/>O nosso s\u00edtio Web utiliza, entre outras coisas, material de imagem licenciado por fornecedores terceiros: \u00a9<a href=\"http:\/\/www.shutterstock.com\" target=\"_blank\" rel=\"noopener\">Shutterstock<\/a>, \u00a9<a href=\"https:\/\/stock.adobe.com\" target=\"_blank\" rel=\"noopener\">Adobe Stock<\/a><\/p><p><b>Direitos de autor:<\/b><br \/>O conte\u00fado e os trabalhos criados pelos operadores do s\u00edtio nestas p\u00e1ginas est\u00e3o sujeitos \u00e0 lei alem\u00e3 dos direitos de autor. A duplica\u00e7\u00e3o, processamento, distribui\u00e7\u00e3o e qualquer tipo de utiliza\u00e7\u00e3o fora dos limites da lei de direitos de autor requerem o consentimento escrito do respetivo autor ou criador. Os downloads e c\u00f3pias deste s\u00edtio s\u00f3 s\u00e3o permitidos para uso privado e n\u00e3o comercial.<\/p><p>Na medida em que o conte\u00fado deste s\u00edtio n\u00e3o foi criado pelo operador, os direitos de autor de terceiros s\u00e3o respeitados. Em particular, os conte\u00fados de terceiros s\u00e3o assinalados como tal. Se, no entanto, tiver conhecimento de uma infra\u00e7\u00e3o aos direitos de autor, informe-nos. Se tivermos conhecimento de quaisquer infrac\u00e7\u00f5es, removeremos imediatamente esses conte\u00fados.<\/p>\t\t\t\t\t\t\t\t<\/div>\n\t\t\t\t<\/div>\n\t\t\t\t\t<\/div>\n\t\t<\/div>\n\t\t\t\t\t<\/div>\n\t\t<\/section>\n\t\t\t\t<\/div>","protected":false},"excerpt":{"rendered":"<p>Impressum Verantwortlich f\u00fcr den Inhalt nach \u00a7 55 Abs. 2 RStV, sowie nach \u00a7 5 DDG. KTB Import-ExportHandelsgesellschaft mbH &amp; Co. KG Gro\u00dfmoorring 9 21079 Hamburg Deutschland Tel: +49 40 766189 0 Fax: +49 40 766189 25 E-Mail: ktb@ktb-europe.com Web: www.ktb-europe.com Gesch\u00e4ftsf\u00fchrer: Lars Kitzinger, Ruven Lehky Verantwortlich f\u00fcr Inhalte Lars Kitzinger USt.-ID (VAT): DE 118859311 [&hellip;]<\/p>\n","protected":false},"author":2,"featured_media":0,"parent":0,"menu_order":2,"comment_status":"closed","ping_status":"closed","template":"elementor_header_footer","meta":{"_acf_changed":false,"footnotes":""},"class_list":["post-34","page","type-page","status-publish","hentry"],"acf":[],"yoast_head":"<!-- This site is optimized with the Yoast SEO plugin v27.4 - https:\/\/yoast.com\/product\/yoast-seo-wordpress\/ -->\n<title>Impressum | KTB Import Export Handelsgesellschaft | Kontaktdaten<\/title>\n<meta name=\"description\" content=\"Impressum der KTB Import-Export Handelsgesellschaft mbH &amp; Co. KG. Rechtliche Informationen &amp; Kontaktdaten f\u00fcr internationale Gesch\u00e4ftsbeziehungen.\" \/>\n<meta name=\"robots\" content=\"index, follow, max-snippet:-1, max-image-preview:large, max-video-preview:-1\" \/>\n<link rel=\"canonical\" href=\"https:\/\/www.ktb-europe.com\/pt\/impressao\/\" \/>\n<meta property=\"og:locale\" content=\"pt_PT\" \/>\n<meta property=\"og:type\" content=\"article\" \/>\n<meta property=\"og:title\" content=\"Impressum | KTB Import Export Handelsgesellschaft | Kontaktdaten\" \/>\n<meta property=\"og:description\" content=\"Impressum der KTB Import-Export Handelsgesellschaft mbH &amp; Co. KG. Rechtliche Informationen &amp; Kontaktdaten f\u00fcr internationale Gesch\u00e4ftsbeziehungen.\" \/>\n<meta property=\"og:url\" content=\"https:\/\/www.ktb-europe.com\/pt\/impressao\/\" \/>\n<meta property=\"og:site_name\" content=\"KTB Europe\" \/>\n<meta property=\"article:modified_time\" content=\"2026-03-19T10:15:29+00:00\" \/>\n<meta name=\"twitter:card\" content=\"summary_large_image\" \/>\n<meta name=\"twitter:label1\" content=\"Tempo estimado de leitura\" \/>\n\t<meta name=\"twitter:data1\" content=\"2 minutos\" \/>\n<script type=\"application\/ld+json\" class=\"yoast-schema-graph\">{\"@context\":\"https:\\\/\\\/schema.org\",\"@graph\":[{\"@type\":\"WebPage\",\"@id\":\"https:\\\/\\\/www.ktb-europe.com\\\/imprint\\\/\",\"url\":\"https:\\\/\\\/www.ktb-europe.com\\\/imprint\\\/\",\"name\":\"Impressum | KTB Import Export Handelsgesellschaft | Kontaktdaten\",\"isPartOf\":{\"@id\":\"https:\\\/\\\/www.ktb-europe.com\\\/#website\"},\"datePublished\":\"2022-02-21T06:57:03+00:00\",\"dateModified\":\"2026-03-19T10:15:29+00:00\",\"description\":\"Impressum der KTB Import-Export Handelsgesellschaft mbH & Co. KG. Rechtliche Informationen & Kontaktdaten f\u00fcr internationale Gesch\u00e4ftsbeziehungen.\",\"breadcrumb\":{\"@id\":\"https:\\\/\\\/www.ktb-europe.com\\\/imprint\\\/#breadcrumb\"},\"inLanguage\":\"pt-PT\",\"potentialAction\":[{\"@type\":\"ReadAction\",\"target\":[\"https:\\\/\\\/www.ktb-europe.com\\\/imprint\\\/\"]}]},{\"@type\":\"BreadcrumbList\",\"@id\":\"https:\\\/\\\/www.ktb-europe.com\\\/imprint\\\/#breadcrumb\",\"itemListElement\":[{\"@type\":\"ListItem\",\"position\":1,\"name\":\"Home\",\"item\":\"https:\\\/\\\/www.ktb-europe.com\\\/\"},{\"@type\":\"ListItem\",\"position\":2,\"name\":\"Impressum\"}]},{\"@type\":\"WebSite\",\"@id\":\"https:\\\/\\\/www.ktb-europe.com\\\/#website\",\"url\":\"https:\\\/\\\/www.ktb-europe.com\\\/\",\"name\":\"KTB Europe\",\"description\":\"Industrial supplies and worldwide trading services.\",\"publisher\":{\"@id\":\"https:\\\/\\\/www.ktb-europe.com\\\/#organization\"},\"potentialAction\":[{\"@type\":\"SearchAction\",\"target\":{\"@type\":\"EntryPoint\",\"urlTemplate\":\"https:\\\/\\\/www.ktb-europe.com\\\/?s={search_term_string}\"},\"query-input\":{\"@type\":\"PropertyValueSpecification\",\"valueRequired\":true,\"valueName\":\"search_term_string\"}}],\"inLanguage\":\"pt-PT\"},{\"@type\":\"Organization\",\"@id\":\"https:\\\/\\\/www.ktb-europe.com\\\/#organization\",\"name\":\"KTB Europe GmbH\",\"url\":\"https:\\\/\\\/www.ktb-europe.com\\\/\",\"logo\":{\"@type\":\"ImageObject\",\"inLanguage\":\"pt-PT\",\"@id\":\"https:\\\/\\\/www.ktb-europe.com\\\/#\\\/schema\\\/logo\\\/image\\\/\",\"url\":\"https:\\\/\\\/www.ktb-europe.com\\\/wp-content\\\/uploads\\\/2022\\\/03\\\/logo-ktb.svg\",\"contentUrl\":\"https:\\\/\\\/www.ktb-europe.com\\\/wp-content\\\/uploads\\\/2022\\\/03\\\/logo-ktb.svg\",\"width\":195,\"height\":59,\"caption\":\"KTB Europe GmbH\"},\"image\":{\"@id\":\"https:\\\/\\\/www.ktb-europe.com\\\/#\\\/schema\\\/logo\\\/image\\\/\"}}]}<\/script>\n<!-- \/ Yoast SEO plugin. -->","yoast_head_json":{"title":"Impress\u00e3o | KTB Import Export Handelsgesellschaft | Dados de contacto","description":"Impress\u00e3o de KTB Import-Export Handelsgesellschaft mbH &amp; Co. KG. Informa\u00e7\u00f5es jur\u00eddicas e contactos para rela\u00e7\u00f5es comerciais internacionais.","robots":{"index":"index","follow":"follow","max-snippet":"max-snippet:-1","max-image-preview":"max-image-preview:large","max-video-preview":"max-video-preview:-1"},"canonical":"https:\/\/www.ktb-europe.com\/pt\/impressao\/","og_locale":"pt_PT","og_type":"article","og_title":"Impressum | KTB Import Export Handelsgesellschaft | Kontaktdaten","og_description":"Impressum der KTB Import-Export Handelsgesellschaft mbH & Co. KG. Rechtliche Informationen & Kontaktdaten f\u00fcr internationale Gesch\u00e4ftsbeziehungen.","og_url":"https:\/\/www.ktb-europe.com\/pt\/impressao\/","og_site_name":"KTB Europe","article_modified_time":"2026-03-19T10:15:29+00:00","twitter_card":"summary_large_image","twitter_misc":{"Tempo estimado de leitura":"2 minutos"},"schema":{"@context":"https:\/\/schema.org","@graph":[{"@type":"WebPage","@id":"https:\/\/www.ktb-europe.com\/imprint\/","url":"https:\/\/www.ktb-europe.com\/imprint\/","name":"Impress\u00e3o | KTB Import Export Handelsgesellschaft | Dados de contacto","isPartOf":{"@id":"https:\/\/www.ktb-europe.com\/#website"},"datePublished":"2022-02-21T06:57:03+00:00","dateModified":"2026-03-19T10:15:29+00:00","description":"Impress\u00e3o de KTB Import-Export Handelsgesellschaft mbH &amp; Co. KG. Informa\u00e7\u00f5es jur\u00eddicas e contactos para rela\u00e7\u00f5es comerciais internacionais.","breadcrumb":{"@id":"https:\/\/www.ktb-europe.com\/imprint\/#breadcrumb"},"inLanguage":"pt-PT","potentialAction":[{"@type":"ReadAction","target":["https:\/\/www.ktb-europe.com\/imprint\/"]}]},{"@type":"BreadcrumbList","@id":"https:\/\/www.ktb-europe.com\/imprint\/#breadcrumb","itemListElement":[{"@type":"ListItem","position":1,"name":"Home","item":"https:\/\/www.ktb-europe.com\/"},{"@type":"ListItem","position":2,"name":"Impressum"}]},{"@type":"WebSite","@id":"https:\/\/www.ktb-europe.com\/#website","url":"https:\/\/www.ktb-europe.com\/","name":"KTB Europa","description":"Fornecimentos industriais e servi\u00e7os comerciais a n\u00edvel mundial.","publisher":{"@id":"https:\/\/www.ktb-europe.com\/#organization"},"potentialAction":[{"@type":"SearchAction","target":{"@type":"EntryPoint","urlTemplate":"https:\/\/www.ktb-europe.com\/?s={search_term_string}"},"query-input":{"@type":"PropertyValueSpecification","valueRequired":true,"valueName":"search_term_string"}}],"inLanguage":"pt-PT"},{"@type":"Organization","@id":"https:\/\/www.ktb-europe.com\/#organization","name":"KTB Europa GmbH","url":"https:\/\/www.ktb-europe.com\/","logo":{"@type":"ImageObject","inLanguage":"pt-PT","@id":"https:\/\/www.ktb-europe.com\/#\/schema\/logo\/image\/","url":"https:\/\/www.ktb-europe.com\/wp-content\/uploads\/2022\/03\/logo-ktb.svg","contentUrl":"https:\/\/www.ktb-europe.com\/wp-content\/uploads\/2022\/03\/logo-ktb.svg","width":195,"height":59,"caption":"KTB Europe GmbH"},"image":{"@id":"https:\/\/www.ktb-europe.com\/#\/schema\/logo\/image\/"}}]}},"_links":{"self":[{"href":"https:\/\/www.ktb-europe.com\/pt\/wp-json\/wp\/v2\/pages\/34","targetHints":{"allow":["GET"]}}],"collection":[{"href":"https:\/\/www.ktb-europe.com\/pt\/wp-json\/wp\/v2\/pages"}],"about":[{"href":"https:\/\/www.ktb-europe.com\/pt\/wp-json\/wp\/v2\/types\/page"}],"author":[{"embeddable":true,"href":"https:\/\/www.ktb-europe.com\/pt\/wp-json\/wp\/v2\/users\/2"}],"replies":[{"embeddable":true,"href":"https:\/\/www.ktb-europe.com\/pt\/wp-json\/wp\/v2\/comments?post=34"}],"version-history":[{"count":3,"href":"https:\/\/www.ktb-europe.com\/pt\/wp-json\/wp\/v2\/pages\/34\/revisions"}],"predecessor-version":[{"id":79337,"href":"https:\/\/www.ktb-europe.com\/pt\/wp-json\/wp\/v2\/pages\/34\/revisions\/79337"}],"wp:attachment":[{"href":"https:\/\/www.ktb-europe.com\/pt\/wp-json\/wp\/v2\/media?parent=34"}],"curies":[{"name":"wp","href":"https:\/\/api.w.org\/{rel}","templated":true}]}}